{"id":308,"date":"2025-11-09T22:44:19","date_gmt":"2025-11-09T22:44:19","guid":{"rendered":"https:\/\/len.law\/vos-avocats\/stefan-mbiyavanga\/"},"modified":"2025-12-22T22:33:10","modified_gmt":"2025-12-22T22:33:10","slug":"stefan-mbiyavanga","status":"publish","type":"page","link":"https:\/\/len.law\/fr\/vos-avocats\/stefan-mbiyavanga\/","title":{"rendered":"Stefan Mbiyavanga"},"content":{"rendered":"\n<div class=\"wp-block-group alignfull royal-group has-navtext-color has-secondary-background-color has-text-color has-background has-link-color wp-elements-f9cd58613d85390e96a41c7e1d54a8c1 has-global-padding is-layout-constrained wp-block-group-is-layout-constrained\" style=\"padding-top:var(--wp--preset--spacing--80);padding-bottom:var(--wp--preset--spacing--60)\">\n<h2 class=\"wp-block-heading has-h-1-font-size\">Stefan Mbiyavanga<\/h2>\n\n\n\n<p>Je conseille, repr\u00e9sente et d\u00e9fends dans tous les domaines du droit p\u00e9nal et de l\u2019entraide judiciaire internationale.<\/p>\n<\/div>\n\n<div class=\"wp-block-group has-global-padding is-layout-constrained wp-block-group-is-layout-constrained\">\n<h2 class=\"wp-block-heading has-h-3-font-size\">Formation<\/h2>\n\n\n\n<p>J&rsquo;ai \u00e9tudi\u00e9 le droit \u00e9conomique international \u00e0 l&rsquo;Universit\u00e9 de B\u00e2le et \u00e0 la Chinese University of Hong Kong. Pendant mes \u00e9tudes, j&rsquo;ai travaill\u00e9 comme assistant de recherche \u00e0 la chaire du professeur Mark Pieth.<\/p>\n\n\n\n<p>Apr\u00e8s mes \u00e9tudes, j&rsquo;ai travaill\u00e9 pendant deux ans au P\u00e9rou, o\u00f9 j&rsquo;ai soutenu les autorit\u00e9s judiciaires et de poursuite p\u00e9nale dans les questions de droit p\u00e9nal \u00e9conomique international et d&rsquo;entraide judiciaire. En 2022, j&rsquo;ai obtenu mon doctorat (Dr iur.) \u00e0 l&rsquo;Universit\u00e9 de B\u00e2le avec une th\u00e8se sur l&rsquo;entraide judiciaire internationale en mati\u00e8re p\u00e9nale.<\/p>\n\n\n\n<h2 class=\"wp-block-heading has-h-3-font-size\">Pratique<\/h2>\n\n\n\n<p>Apr\u00e8s des stages dans le canton de Berne et au Tribunal p\u00e9nal f\u00e9d\u00e9ral, j&rsquo;ai obtenu mon brevet d&rsquo;avocat bernois en 2025. Depuis, je travaille principalement comme avocat pour des personnes et des institutions touch\u00e9es en tant que l\u00e9s\u00e9es par des d\u00e9lits \u00e9conomiques. De plus, j&rsquo;interviens en droit p\u00e9nal g\u00e9n\u00e9ral et en entraide judiciaire internationale.<\/p>\n\n\n\n<p>Je conseille en allemand, anglais, espagnol et fran\u00e7ais.<\/p>\n<\/div>\n\n<div class=\"wp-block-group alignfull has-light-background-color has-background has-global-padding is-layout-constrained wp-block-group-is-layout-constrained\" style=\"padding-top:var(--wp--preset--spacing--50);padding-bottom:var(--wp--preset--spacing--50)\">\n<h2 class=\"wp-block-heading has-h-2-font-size\">CV Stefan Mbiyavanga, Dr iur., Avocat<\/h2>\n\n\n\n<div class=\"wp-block-columns is-layout-flex wp-container-core-columns-is-layout-28f84493 wp-block-columns-is-layout-flex\">\n<div class=\"wp-block-column is-layout-flow wp-block-column-is-layout-flow\" style=\"flex-basis:33.33%\">\n<figure class=\"wp-block-image size-medium\"><img decoding=\"async\" src=\"https:\/\/len.law\/wp-content\/uploads\/2025\/11\/7G2A8865-stefan-mbiyavanga-small-300x300.jpg\" alt=\"\" class=\"wp-image-55\"\/><\/figure>\n<\/div>\n\n\n\n<div class=\"wp-block-column is-layout-flow wp-block-column-is-layout-flow\" style=\"flex-basis:66.66%\">\n<ul class=\"wp-block-list lined\">\n<li>2013\u20132019 : \u00c9tudes de droit \u00e0 l&rsquo;Universit\u00e9 de B\u00e2le et \u00e0 la Chinese University of Hong Kong<\/li>\n\n\n\n<li>2015\u20132019 : Assistant, Chaire de droit p\u00e9nal et de proc\u00e9dure p\u00e9nale de Mark Pieth, Universit\u00e9 de B\u00e2le<\/li>\n\n\n\n<li>2019\u20132021 : Sp\u00e9cialiste juridique pour l&rsquo;Am\u00e9rique latine, Basel Institute on Governance<\/li>\n\n\n\n<li>2019\u20132022 Doctorat (Dr iur.), Universit\u00e9 de B\u00e2le<\/li>\n\n\n\n<li>2022\u20132024 : Stages au Tribunal p\u00e9nal f\u00e9d\u00e9ral, \u00e0 l&rsquo;administration cantonale bernoise et dans une \u00e9tude d&rsquo;avocats bernoise de taille moyenne<\/li>\n\n\n\n<li>2025 Admission en tant qu&rsquo;avocat bernois<\/li>\n\n\n\n<li>depuis 2025 Enqu\u00eateur dans un service de droit p\u00e9nal de l&rsquo;administration f\u00e9d\u00e9rale (\u00e0 temps partiel)<\/li>\n\n\n\n<li>depuis 2025 Avocat chez LENLAW<\/li>\n<\/ul>\n<\/div>\n<\/div>\n<\/div>\n\n<div class=\"wp-block-group has-global-padding is-layout-constrained wp-block-group-is-layout-constrained\" style=\"margin-bottom:var(--wp--preset--spacing--70)\">\n<h3 class=\"wp-block-heading has-h-3-font-size\">Affiliations<\/h3>\n\n\n\n<ul class=\"wp-block-list lined\">\n<li><a href=\"https:\/\/www.forum-strafverteidigung.ch\/\">Forum de la d\u00e9f\u00e9nse p\u00e9nale<\/a><\/li>\n\n\n\n<li><a href=\"https:\/\/trialinternational.org\/\">TRIAL International<\/a><\/li>\n<\/ul>\n\n\n\n<h3 class=\"wp-block-heading has-h-3-font-size\">Langues<\/h3>\n\n\n\n<p>Allemand, Anglais, Espagnol, Fran\u00e7ais, Chinois (Bases)<\/p>\n\n\n\n<h3 class=\"wp-block-heading has-h-3-font-size\">Publications<\/h3>\n\n\n\n<p><a href=\"https:\/\/len.law\/fr\/2025\/12\/02\/publications-scientifiques-stefan-mbiyavanga\/\" data-type=\"post\" data-id=\"380\">Liste de mes publications scientifiques.<\/a><\/p>\n<\/div>\n\n<div class=\"wp-block-group has-global-padding is-layout-constrained wp-block-group-is-layout-constrained\">\n<div class=\"wp-block-columns are-vertically-aligned-top is-layout-flex wp-container-core-columns-is-layout-28f84493 wp-block-columns-is-layout-flex\">\n<div class=\"wp-block-column is-vertically-aligned-top is-layout-flow wp-block-column-is-layout-flow\">\n<h2 class=\"wp-block-heading contact-title\" style=\"margin-top:var(--wp--preset--spacing--30);margin-bottom:var(--wp--preset--spacing--30);font-style:normal;font-weight:200;text-transform:uppercase\">Contact<\/h2>\n<\/div>\n\n\n\n<div class=\"wp-block-column is-vertically-aligned-top is-layout-flow wp-block-column-is-layout-flow\" style=\"padding-right:var(--wp--preset--spacing--20);padding-left:var(--wp--preset--spacing--20)\">\n<p class=\"iconized contact-address\" style=\"margin-top:var(--wp--preset--spacing--30);margin-bottom:var(--wp--preset--spacing--30)\">Bo\u00eete postale 324<br>CH-3000 Bern 13<\/p>\n<\/div>\n\n\n\n<div class=\"wp-block-column is-vertically-aligned-top is-layout-flow wp-block-column-is-layout-flow\" style=\"padding-right:var(--wp--preset--spacing--20);padding-left:var(--wp--preset--spacing--20)\">\n<p class=\"iconized contact-email\" style=\"margin-top:var(--wp--preset--spacing--30);margin-bottom:var(--wp--preset--spacing--30)\"><a href=\"mailto:info@len.law\">info@len.law<\/a><br><\/p>\n<\/div>\n<\/div>\n<\/div>\n\n<p><\/p>\n","protected":false},"excerpt":{"rendered":"<p>Stefan Mbiyavanga Je conseille, repr\u00e9sente et d\u00e9fends dans tous les domaines du droit p\u00e9nal et de l\u2019entraide judiciaire internationale. Formation J&rsquo;ai \u00e9tudi\u00e9 le droit \u00e9conomique international \u00e0 l&rsquo;Universit\u00e9 de B\u00e2le et \u00e0 la Chinese University of Hong Kong. Pendant mes \u00e9tudes, j&rsquo;ai travaill\u00e9 comme assistant de recherche \u00e0 la chaire du professeur Mark Pieth. Apr\u00e8s [&hellip;]<\/p>\n","protected":false},"author":1,"featured_media":0,"parent":304,"menu_order":0,"comment_status":"closed","ping_status":"closed","template":"","meta":{"footnotes":""},"class_list":["post-308","page","type-page","status-publish","hentry"],"_links":{"self":[{"href":"https:\/\/len.law\/fr\/wp-json\/wp\/v2\/pages\/308","targetHints":{"allow":["GET"]}}],"collection":[{"href":"https:\/\/len.law\/fr\/wp-json\/wp\/v2\/pages"}],"about":[{"href":"https:\/\/len.law\/fr\/wp-json\/wp\/v2\/types\/page"}],"author":[{"embeddable":true,"href":"https:\/\/len.law\/fr\/wp-json\/wp\/v2\/users\/1"}],"replies":[{"embeddable":true,"href":"https:\/\/len.law\/fr\/wp-json\/wp\/v2\/comments?post=308"}],"version-history":[{"count":4,"href":"https:\/\/len.law\/fr\/wp-json\/wp\/v2\/pages\/308\/revisions"}],"predecessor-version":[{"id":492,"href":"https:\/\/len.law\/fr\/wp-json\/wp\/v2\/pages\/308\/revisions\/492"}],"up":[{"embeddable":true,"href":"https:\/\/len.law\/fr\/wp-json\/wp\/v2\/pages\/304"}],"wp:attachment":[{"href":"https:\/\/len.law\/fr\/wp-json\/wp\/v2\/media?parent=308"}],"curies":[{"name":"wp","href":"https:\/\/api.w.org\/{rel}","templated":true}]}}