{"id":306,"date":"2025-11-09T22:33:29","date_gmt":"2025-11-09T22:33:29","guid":{"rendered":"https:\/\/len.law\/vos-avocats\/stefan-lenz\/"},"modified":"2025-12-17T18:11:11","modified_gmt":"2025-12-17T18:11:11","slug":"stefan-lenz","status":"publish","type":"page","link":"https:\/\/len.law\/fr\/vos-avocats\/stefan-lenz\/","title":{"rendered":"Stefan Lenz"},"content":{"rendered":"\n<div class=\"wp-block-group alignfull royal-group has-navtext-color has-secondary-background-color has-text-color has-background has-link-color wp-elements-a087e69ff9050f740f00921d06e534a7 has-global-padding is-layout-constrained wp-block-group-is-layout-constrained\" style=\"padding-top:var(--wp--preset--spacing--80);padding-bottom:var(--wp--preset--spacing--60)\">\n<h2 class=\"wp-block-heading has-h-1-font-size\">Stefan Lenz<\/h2>\n\n\n\n<p>Je suis Stefan Lenz, avocat et ancien procureur f\u00e9d\u00e9ral, sp\u00e9cialis\u00e9 en droit p\u00e9nal \u00e9conomique \u2013 en particulier dans la lutte contre la corruption internationale et le blanchiment d&rsquo;argent.<\/p>\n<\/div>\n\n<div class=\"wp-block-group has-global-padding is-layout-constrained wp-block-group-is-layout-constrained\">\n<h2 class=\"wp-block-heading has-h-3-font-size\">Avocat \/ Ancien procureur f\u00e9d\u00e9ral \/ Ancien chef d&rsquo;enqu\u00eate Office f\u00e9d\u00e9ral des transports<\/h2>\n\n\n\n<p>De 2002 \u00e0 2016, en tant que procureur f\u00e9d\u00e9ral au Minist\u00e8re public de la Conf\u00e9d\u00e9ration, j&rsquo;ai dirig\u00e9 de grandes et complexes enqu\u00eates p\u00e9nales. <\/p>\n\n\n\n<p>En collaboration avec d&rsquo;autres procureurs f\u00e9d\u00e9raux et la Police f\u00e9d\u00e9rale suisse, j&rsquo;ai dirig\u00e9 des proc\u00e9dures transfrontali\u00e8res \u00e9tendues en mati\u00e8re de corruption et de blanchiment d&rsquo;argent. Celles-ci incluaient, entre autres, les affaires men\u00e9es \u00e0 bien avec succ\u00e8s contre Alstom, un membre de la famille Kadhafi, ainsi que de nombreuses enqu\u00eates li\u00e9es au scandale Petrobras\/Odebrecht au Br\u00e9sil.<\/p>\n\n\n\n<p>Apr\u00e8s avoir commenc\u00e9 mon activit\u00e9 d&rsquo;avocat ind\u00e9pendant, j&rsquo;ai travaill\u00e9 \u00e0 temps partiel pour l&rsquo;Office f\u00e9d\u00e9ral des transports pour mener des enqu\u00eates complexes dans le domaine de la fraude aux subventions.<\/p>\n\n\n\n<h2 class=\"wp-block-heading has-h-3-font-size\">Activit\u00e9 d&rsquo;avocat<\/h2>\n\n\n\n<p>J&rsquo;utilise aujourd&rsquo;hui mes connaissances et mon exp\u00e9rience pour les personnes et les institutions impliqu\u00e9es dans des d\u00e9lits \u00e9conomiques en tant que parties accus\u00e9es ou touch\u00e9es en tant que victimes.<\/p>\n\n\n\n<h2 class=\"wp-block-heading has-h-3-font-size\">R\u00e9seau<\/h2>\n\n\n\n<p>Au cours de mon activit\u00e9, j&rsquo;ai tiss\u00e9 des contacts \u00e9troits avec des procureurs de premier plan dans le monde entier ainsi qu&rsquo;avec les autorit\u00e9s d&rsquo;enqu\u00eate de la Banque mondiale et de la Banque europ\u00e9enne pour la reconstruction et le d\u00e9veloppement.<\/p>\n<\/div>\n\n<div class=\"wp-block-group alignfull has-light-background-color has-background has-global-padding is-layout-constrained wp-block-group-is-layout-constrained\" style=\"padding-top:var(--wp--preset--spacing--50);padding-bottom:var(--wp--preset--spacing--50)\">\n<h2 class=\"wp-block-heading\">CV Stefan Lenz, Avocat, LL.M.<\/h2>\n\n\n\n<div class=\"wp-block-columns is-layout-flex wp-container-core-columns-is-layout-28f84493 wp-block-columns-is-layout-flex\">\n<div class=\"wp-block-column is-layout-flow wp-block-column-is-layout-flow\" style=\"flex-basis:33.33%\">\n<figure class=\"wp-block-image size-large\"><img decoding=\"async\" src=\"https:\/\/len.law\/wp-content\/uploads\/2025\/11\/7G2A8937-stefan-lenz-small-1024x1024.jpg\" alt=\"\" class=\"wp-image-54\"\/><\/figure>\n<\/div>\n\n\n\n<div class=\"wp-block-column is-layout-flow wp-block-column-is-layout-flow\" style=\"flex-basis:66.66%\">\n<ul class=\"wp-block-list lined\">\n<li>\u00c9tudes de droit \u00e0 l&rsquo;Universit\u00e9 de Berne<\/li>\n\n\n\n<li>1989 Brevet d&rsquo;avocat bernois<\/li>\n\n\n\n<li>1989 \u00e0 1994 greffier au Tribunal sup\u00e9rieur du canton de Berne dans les domaines du droit civil et p\u00e9nal<\/li>\n\n\n\n<li>1994 \u00e0 2002 Avocat ind\u00e9pendant<\/li>\n\n\n\n<li>1999 \u00e0 2000 \u00c9tudes postgrades \u00ab Droit \u00e9conomique international \u00bb \u00e0 l&rsquo;Universit\u00e9 de Zurich<\/li>\n\n\n\n<li>2002 \u00c9lection en tant que procureur f\u00e9d\u00e9ral suppl\u00e9ant<\/li>\n\n\n\n<li>2003 \u00e0 2005 \u00c9tudes postgrades \u00ab Lutte contre la criminalit\u00e9 \u00e9conomique \u00bb \u00e0 l&rsquo;Universit\u00e9 de Lucerne<\/li>\n\n\n\n<li>2006 Promotion au rang de procureur f\u00e9d\u00e9ral<\/li>\n\n\n\n<li>Jusqu&rsquo;en d\u00e9cembre 2016 : Procureur f\u00e9d\u00e9ral avec accent sur la corruption internationale et le blanchiment d&rsquo;argent<\/li>\n\n\n\n<li>Depuis 2017 Avocat ind\u00e9pendant<\/li>\n\n\n\n<li>2023 \u00e0 2024 : Mandat \u00e0 temps partiel en tant que chef d&rsquo;enqu\u00eate pour les proc\u00e9dures p\u00e9nales \u00e0 l&rsquo;Office f\u00e9d\u00e9ral des transports (en lien avec des affaires complexes de fraude aux subventions)<\/li>\n<\/ul>\n<\/div>\n<\/div>\n<\/div>\n\n<div class=\"wp-block-group has-global-padding is-layout-constrained wp-block-group-is-layout-constrained\" style=\"margin-bottom:var(--wp--preset--spacing--70)\">\n<h3 class=\"wp-block-heading has-h-3-font-size\">Affiliations<\/h3>\n\n\n\n<ul class=\"wp-block-list lined\">\n<li><a href=\"https:\/\/www.sav-fsa.ch\/\" target=\"_blank\" rel=\"noreferrer noopener\">Ordre des avocats bernois et F\u00e9d\u00e9ration suisse des avocats<\/a><\/li>\n\n\n\n<li><a href=\"https:\/\/seeci.ch\/fr\/accueil\/\" target=\"_blank\" rel=\"noreferrer noopener\">Association Suisse des Experts en mati\u00e8re de lutte contre la Criminalit\u00e9 Economique (ASECE)<\/a><\/li>\n<\/ul>\n\n\n\n<h3 class=\"wp-block-heading has-h-3-font-size\">Langues<\/h3>\n\n\n\n<p>Allemand, Anglais, Fran\u00e7ais<\/p>\n<\/div>\n\n<div class=\"wp-block-group has-global-padding is-layout-constrained wp-block-group-is-layout-constrained\">\n<div class=\"wp-block-columns are-vertically-aligned-top is-layout-flex wp-container-core-columns-is-layout-28f84493 wp-block-columns-is-layout-flex\">\n<div class=\"wp-block-column is-vertically-aligned-top is-layout-flow wp-block-column-is-layout-flow\">\n<h2 class=\"wp-block-heading contact-title\" style=\"margin-top:var(--wp--preset--spacing--30);margin-bottom:var(--wp--preset--spacing--30);font-style:normal;font-weight:200;text-transform:uppercase\">Contact<\/h2>\n<\/div>\n\n\n\n<div class=\"wp-block-column is-vertically-aligned-top is-layout-flow wp-block-column-is-layout-flow\" style=\"padding-right:var(--wp--preset--spacing--20);padding-left:var(--wp--preset--spacing--20)\">\n<p class=\"iconized contact-address\" style=\"margin-top:var(--wp--preset--spacing--30);margin-bottom:var(--wp--preset--spacing--30)\">Bo\u00eete postale 324<br>CH-3000 Bern 13<\/p>\n<\/div>\n\n\n\n<div class=\"wp-block-column is-vertically-aligned-top is-layout-flow wp-block-column-is-layout-flow\" style=\"padding-right:var(--wp--preset--spacing--20);padding-left:var(--wp--preset--spacing--20)\">\n<p class=\"iconized contact-email\" style=\"margin-top:var(--wp--preset--spacing--30);margin-bottom:var(--wp--preset--spacing--30)\"><a href=\"mailto:info@len.law\">info@len.law<\/a><br><\/p>\n<\/div>\n<\/div>\n<\/div>\n","protected":false},"excerpt":{"rendered":"<p>Stefan Lenz Je suis Stefan Lenz, avocat et ancien procureur f\u00e9d\u00e9ral, sp\u00e9cialis\u00e9 en droit p\u00e9nal \u00e9conomique \u2013 en particulier dans la lutte contre la corruption internationale et le blanchiment d&rsquo;argent. Avocat \/ Ancien procureur f\u00e9d\u00e9ral \/ Ancien chef d&rsquo;enqu\u00eate Office f\u00e9d\u00e9ral des transports De 2002 \u00e0 2016, en tant que procureur f\u00e9d\u00e9ral au Minist\u00e8re public [&hellip;]<\/p>\n","protected":false},"author":1,"featured_media":0,"parent":304,"menu_order":0,"comment_status":"closed","ping_status":"closed","template":"","meta":{"footnotes":""},"class_list":["post-306","page","type-page","status-publish","hentry"],"_links":{"self":[{"href":"https:\/\/len.law\/fr\/wp-json\/wp\/v2\/pages\/306","targetHints":{"allow":["GET"]}}],"collection":[{"href":"https:\/\/len.law\/fr\/wp-json\/wp\/v2\/pages"}],"about":[{"href":"https:\/\/len.law\/fr\/wp-json\/wp\/v2\/types\/page"}],"author":[{"embeddable":true,"href":"https:\/\/len.law\/fr\/wp-json\/wp\/v2\/users\/1"}],"replies":[{"embeddable":true,"href":"https:\/\/len.law\/fr\/wp-json\/wp\/v2\/comments?post=306"}],"version-history":[{"count":1,"href":"https:\/\/len.law\/fr\/wp-json\/wp\/v2\/pages\/306\/revisions"}],"predecessor-version":[{"id":307,"href":"https:\/\/len.law\/fr\/wp-json\/wp\/v2\/pages\/306\/revisions\/307"}],"up":[{"embeddable":true,"href":"https:\/\/len.law\/fr\/wp-json\/wp\/v2\/pages\/304"}],"wp:attachment":[{"href":"https:\/\/len.law\/fr\/wp-json\/wp\/v2\/media?parent=306"}],"curies":[{"name":"wp","href":"https:\/\/api.w.org\/{rel}","templated":true}]}}