{"id":304,"date":"2025-11-09T22:19:59","date_gmt":"2025-11-09T22:19:59","guid":{"rendered":"https:\/\/len.law\/vos-avocats\/"},"modified":"2025-12-19T16:13:24","modified_gmt":"2025-12-19T16:13:24","slug":"vos-avocats","status":"publish","type":"page","link":"https:\/\/len.law\/fr\/vos-avocats\/","title":{"rendered":"Vos avocats"},"content":{"rendered":"\n<div class=\"wp-block-group alignfull royal-group has-navtext-color has-secondary-background-color has-text-color has-background has-link-color wp-elements-8c96b9ea900b620dd3b23d6a4bdd9182 has-global-padding is-layout-constrained wp-block-group-is-layout-constrained\" style=\"padding-top:var(--wp--preset--spacing--80);padding-bottom:var(--wp--preset--spacing--60)\">\n<h2 class=\"wp-block-heading has-h-1-font-size\">Vos avocats<\/h2>\n\n\n\n<p>\u00c9quipe engag\u00e9e et soud\u00e9e, nous travaillons avec vous sur un pied d\u2019\u00e9galit\u00e9 \u2013 dans un esprit d\u2019ouverture, de clart\u00e9 et de fiabilit\u00e9.<\/p>\n\n\n\n<p>Nous vous conseillons en fran\u00e7ais, allemand, anglais et espagnol.<\/p>\n<\/div>\n\n<div class=\"wp-block-group has-global-padding is-layout-constrained wp-block-group-is-layout-constrained\" style=\"margin-bottom:var(--wp--preset--spacing--70)\">\n<div class=\"wp-block-columns is-layout-flex wp-container-core-columns-is-layout-28f84493 wp-block-columns-is-layout-flex\">\n<div class=\"wp-block-column is-layout-flow wp-block-column-is-layout-flow\">\n<h2 class=\"wp-block-heading has-h-2-font-size\">Stefan Lenz<\/h2>\n\n\n\n<p>Avocat, LL.M.<\/p>\n\n\n\n<figure class=\"wp-block-image size-medium\"><img decoding=\"async\" src=\"https:\/\/len.law\/wp-content\/uploads\/2025\/11\/7G2A8937-stefan-lenz-small-300x300.jpg\" alt=\"\" class=\"wp-image-54\"\/><\/figure>\n\n\n\n<p class=\"link-caret-right\"><a href=\"https:\/\/len.law\/fr\/vos-avocats\/stefan-lenz\/\" data-type=\"page\" data-id=\"60\"><strong>EN SAVOIR PLUS<\/strong><\/a><\/p>\n<\/div>\n\n\n\n<div class=\"wp-block-column is-layout-flow wp-block-column-is-layout-flow\">\n<h2 class=\"wp-block-heading has-h-2-font-size\">Stefan Mbiyavanga<\/h2>\n\n\n\n<p>Avocat, Dr. iur.<\/p>\n\n\n\n<figure class=\"wp-block-image size-medium\"><img decoding=\"async\" src=\"https:\/\/len.law\/wp-content\/uploads\/2025\/11\/7G2A8865-stefan-mbiyavanga-small-300x300.jpg\" alt=\"\" class=\"wp-image-55\"\/><\/figure>\n\n\n\n<p class=\"link-caret-right\"><strong><a href=\"https:\/\/len.law\/fr\/vos-avocats\/stefan-mbiyavanga\/\" data-type=\"page\" data-id=\"64\">EN SAVOIR PLUS<\/a><\/strong><\/p>\n<\/div>\n<\/div>\n<\/div>\n\n<div style=\"height:100px\" aria-hidden=\"true\" class=\"wp-block-spacer\"><\/div>\n\n<div class=\"wp-block-group has-global-padding is-layout-constrained wp-block-group-is-layout-constrained\">\n<div class=\"wp-block-columns are-vertically-aligned-top is-layout-flex wp-container-core-columns-is-layout-28f84493 wp-block-columns-is-layout-flex\">\n<div class=\"wp-block-column is-vertically-aligned-top is-layout-flow wp-block-column-is-layout-flow\">\n<h2 class=\"wp-block-heading contact-title\" style=\"margin-top:var(--wp--preset--spacing--30);margin-bottom:var(--wp--preset--spacing--30);font-style:normal;font-weight:200;text-transform:uppercase\">Contact<\/h2>\n<\/div>\n\n\n\n<div class=\"wp-block-column is-vertically-aligned-top is-layout-flow wp-block-column-is-layout-flow\" style=\"padding-right:var(--wp--preset--spacing--20);padding-left:var(--wp--preset--spacing--20)\">\n<p class=\"iconized contact-address\" style=\"margin-top:var(--wp--preset--spacing--30);margin-bottom:var(--wp--preset--spacing--30)\">Bo\u00eete postale 324<br>CH-3000 Bern 13<\/p>\n<\/div>\n\n\n\n<div class=\"wp-block-column is-vertically-aligned-top is-layout-flow wp-block-column-is-layout-flow\" style=\"padding-right:var(--wp--preset--spacing--20);padding-left:var(--wp--preset--spacing--20)\">\n<p class=\"iconized contact-email\" style=\"margin-top:var(--wp--preset--spacing--30);margin-bottom:var(--wp--preset--spacing--30)\"><a href=\"mailto:info@len.law\">info@len.law<\/a><br><\/p>\n<\/div>\n<\/div>\n<\/div>\n","protected":false},"excerpt":{"rendered":"<p>Vos avocats \u00c9quipe engag\u00e9e et soud\u00e9e, nous travaillons avec vous sur un pied d\u2019\u00e9galit\u00e9 \u2013 dans un esprit d\u2019ouverture, de clart\u00e9 et de fiabilit\u00e9. Nous vous conseillons en fran\u00e7ais, allemand, anglais et espagnol. Stefan Lenz Avocat, LL.M. EN SAVOIR PLUS Stefan Mbiyavanga Avocat, Dr. iur. EN SAVOIR PLUS<\/p>\n","protected":false},"author":1,"featured_media":0,"parent":0,"menu_order":2,"comment_status":"closed","ping_status":"closed","template":"","meta":{"footnotes":""},"class_list":["post-304","page","type-page","status-publish","hentry"],"_links":{"self":[{"href":"https:\/\/len.law\/fr\/wp-json\/wp\/v2\/pages\/304","targetHints":{"allow":["GET"]}}],"collection":[{"href":"https:\/\/len.law\/fr\/wp-json\/wp\/v2\/pages"}],"about":[{"href":"https:\/\/len.law\/fr\/wp-json\/wp\/v2\/types\/page"}],"author":[{"embeddable":true,"href":"https:\/\/len.law\/fr\/wp-json\/wp\/v2\/users\/1"}],"replies":[{"embeddable":true,"href":"https:\/\/len.law\/fr\/wp-json\/wp\/v2\/comments?post=304"}],"version-history":[{"count":2,"href":"https:\/\/len.law\/fr\/wp-json\/wp\/v2\/pages\/304\/revisions"}],"predecessor-version":[{"id":358,"href":"https:\/\/len.law\/fr\/wp-json\/wp\/v2\/pages\/304\/revisions\/358"}],"wp:attachment":[{"href":"https:\/\/len.law\/fr\/wp-json\/wp\/v2\/media?parent=304"}],"curies":[{"name":"wp","href":"https:\/\/api.w.org\/{rel}","templated":true}]}}