{"id":302,"date":"2025-11-09T21:47:30","date_gmt":"2025-11-09T21:47:30","guid":{"rendered":"https:\/\/len.law\/lenlaw-vous-aide\/"},"modified":"2025-12-20T15:14:41","modified_gmt":"2025-12-20T15:14:41","slug":"lenlaw-vous-aide","status":"publish","type":"page","link":"https:\/\/len.law\/fr\/lenlaw-vous-aide\/","title":{"rendered":"LENLAW vous aide"},"content":{"rendered":"\n<div class=\"wp-block-group alignfull royal-group has-navtext-color has-secondary-background-color has-text-color has-background has-link-color wp-elements-c777d88c7d538083f78bab340a60c444 has-global-padding is-layout-constrained wp-block-group-is-layout-constrained\" style=\"margin-top:0;margin-bottom:0;padding-top:var(--wp--preset--spacing--80);padding-bottom:var(--wp--preset--spacing--60)\">\n<h2 class=\"wp-block-heading has-h-1-font-size\"><span class=\"lenlaw\">LENLAW vous aide<\/span><\/h2>\n\n\n\n<p><span class=\"lenlaw\">LENLAW<\/span> allie la pr\u00e9cision juridique \u00e0 une approche d&rsquo;enqu\u00eate pratique. Nous accompagnons les entreprises, les \u00c9tats et les particuliers qui ont besoin d&rsquo;assistance juridique dans le cadre d&rsquo;affaires de criminalit\u00e9 \u00e9conomique.<\/p>\n<\/div>\n\n<div class=\"wp-block-group alignfull has-gray-background-color has-background has-global-padding is-layout-constrained wp-container-core-group-is-layout-be04af43 wp-block-group-is-layout-constrained\" style=\"margin-top:0;margin-bottom:0\">\n<figure class=\"wp-block-image size-large\" style=\"margin-top:0;margin-bottom:0\"><img decoding=\"async\" src=\"https:\/\/len.law\/wp-content\/uploads\/2025\/11\/7G2A8961-retusche-beide-hemden-small-1024x683.jpg\" alt=\"\" class=\"wp-image-41\"\/><\/figure>\n<\/div>\n\n<div class=\"wp-block-group has-global-padding is-layout-constrained wp-block-group-is-layout-constrained\">\n<p>Ce qui nous distingue :<\/p>\n\n\n\n<ul style=\"margin-top:var(--wp--preset--spacing--20)\" class=\"wp-block-list lined\">\n<li>Sp\u00e9cialisation : Nous nous concentrons sur le droit p\u00e9nal \u00e9conomique et administrative, ainsi que l&rsquo;entraide judiciaire internationale.<\/li>\n\n\n\n<li>Comp\u00e9tence : Forts de notre exp\u00e9rience au sein des autorit\u00e9s de poursuite p\u00e9nale et de la justice p\u00e9nale, nous savons ce qui est d\u00e9terminant pour la conduite efficace et r\u00e9ussie d\u2019une affaire.<\/li>\n\n\n\n<li>R\u00e9seau : Nous sommes bien connect\u00e9s internationalement et travaillons en \u00e9troite collaboration avec des experts en analyse forensique et comptable ainsi qu&rsquo;avec des avocats. <\/li>\n\n\n\n<li>Approche pragmatique : Nous avons de l&rsquo;exp\u00e9rience dans la r\u00e9solution amiable des proc\u00e9dures (\u00ab <em>Deals <\/em>\u00bb).<\/li>\n\n\n\n<li>Mehrsprachigkeit: Wir kommunizieren fliessend auf Deutsch, Englisch, Spanisch und Franz\u00f6sisch.<\/li>\n\n\n\n<li>Multilinguisme : Nous communiquons couramment en allemand, anglais, espagnol et fran\u00e7ais.<\/li>\n<\/ul>\n<\/div>\n\n<div class=\"wp-block-group alignfull has-light-background-color has-background has-global-padding is-layout-constrained wp-block-group-is-layout-constrained\" style=\"padding-top:var(--wp--preset--spacing--50);padding-bottom:var(--wp--preset--spacing--50)\">\n<h2 class=\"wp-block-heading has-h-2-font-size\" id=\"corporate\"><strong>Pour les entreprises<\/strong><\/h2>\n\n\n\n<p>Nous vous accompagnons dans les enqu\u00eates internes. Nous vous conseillons juridiquement et vous repr\u00e9sentons devant les autorit\u00e9s, les tribunaux et les contreparties.<\/p>\n\n\n\n<p>Si votre entreprise a \u00e9t\u00e9 l\u00e9s\u00e9e par une infraction, nous menons les investigations et \u00e9tablissons des rapports exploitables par les autorit\u00e9s et les tribunaux. Le cas \u00e9ch\u00e9ant, nous faisons appel \u00e0 des sp\u00e9cialistes en finance, criminalistique ou communication.<\/p>\n\n\n\n<p>Si une proc\u00e9dure p\u00e9nale est ouverte contre votre entreprise, nous vous assistons dans votre d\u00e9fense et \u0153uvrons \u00e0 une r\u00e9solution rapide et efficace.<\/p>\n<\/div>\n\n<div class=\"wp-block-group has-global-padding is-layout-constrained wp-block-group-is-layout-constrained\">\n<h2 class=\"wp-block-heading\" id=\"states\"><strong>Pour les \u00c9tats<\/strong><\/h2>\n\n\n\n<p>Nous aidons les \u00c9tats \u00e0 identifier, \u00e9lucider et poursuivre des affaires complexes de criminalit\u00e9 \u00e9conomique \u2013 de l\u2019identification des auteurs et des avoirs jusqu\u2019\u00e0 la restitution des fonds d\u00e9tourn\u00e9s. Notre travail comprend le conseil strat\u00e9gique, les enqu\u00eates ainsi que l&rsquo;obtention et l&rsquo;analyse des preuves.<\/p>\n\n\n\n<p>En tant que repr\u00e9sentants de vos int\u00e9r\u00eats, nous r\u00e9digeons des d\u00e9nonciations p\u00e9nales, faisons valoir des demandes d&rsquo;indemnisation et vous accompagnons tout au long de la proc\u00e9dure. Nous tenons compte du contexte politique et culturel et faisons valoir vos droits, m\u00eame face \u00e0 des adversaires puissants.<\/p>\n\n\n\n<p><a href=\"https:\/\/len.law\/fr\/2025\/12\/01\/asset-recovery-in-switzerland-support-for-affected-states\/\" data-type=\"post\" data-id=\"398\">Pour plus de d\u00e9tails sur vos droits et options selon le droit suisse, consultez la fiche d\u2019information <\/a><\/p>\n<\/div>\n\n<div class=\"wp-block-group alignfull has-light-background-color has-background has-global-padding is-layout-constrained wp-block-group-is-layout-constrained\" style=\"margin-bottom:var(--wp--preset--spacing--60);padding-top:var(--wp--preset--spacing--50);padding-bottom:var(--wp--preset--spacing--50)\">\n<h2 class=\"wp-block-heading\" id=\"private\"><strong>Pour les particuliers<\/strong><\/h2>\n\n\n\n<p>En tant que particulier, vous pouvez \u00eatre confront\u00e9 \u00e0 une proc\u00e9dure p\u00e9nale ou d&rsquo;entraide judiciaire dans diverses situations \u2013 en tant qu&rsquo;accus\u00e9, victime ou partie l\u00e9s\u00e9e. Nous vous soutenons par des conseils juridiques et une repr\u00e9sentation, adapt\u00e9s \u00e0 votre situation personnelle, professionnelle et financi\u00e8re.<\/p>\n\n\n\n<p>Vous b\u00e9n\u00e9ficiez de rigueur, de discr\u00e9tion et de pr\u00e9cision juridique. Nous clarifions les faits et examinons les preuves pour d\u00e9velopper une strat\u00e9gie claire sur cette base.<a><\/a><\/p>\n<\/div>\n\n<figure class=\"wp-block-image size-large\"><img loading=\"lazy\" decoding=\"async\" width=\"1024\" height=\"683\" src=\"https:\/\/len.law\/wp-content\/uploads\/2025\/12\/20-IMG_0830-1024x683.jpg\" alt=\"\" class=\"wp-image-385\" srcset=\"https:\/\/len.law\/wp-content\/uploads\/2025\/12\/20-IMG_0830-1024x683.jpg 1024w, https:\/\/len.law\/wp-content\/uploads\/2025\/12\/20-IMG_0830-300x200.jpg 300w, https:\/\/len.law\/wp-content\/uploads\/2025\/12\/20-IMG_0830-768x512.jpg 768w, https:\/\/len.law\/wp-content\/uploads\/2025\/12\/20-IMG_0830-1536x1024.jpg 1536w, https:\/\/len.law\/wp-content\/uploads\/2025\/12\/20-IMG_0830.jpg 2048w\" sizes=\"auto, (max-width: 1024px) 100vw, 1024px\" \/><\/figure>\n\n<div class=\"wp-block-group has-global-padding is-layout-constrained wp-block-group-is-layout-constrained\">\n<div class=\"wp-block-columns are-vertically-aligned-top is-layout-flex wp-container-core-columns-is-layout-28f84493 wp-block-columns-is-layout-flex\">\n<div class=\"wp-block-column is-vertically-aligned-top is-layout-flow wp-block-column-is-layout-flow\">\n<h2 class=\"wp-block-heading contact-title\" style=\"margin-top:var(--wp--preset--spacing--30);margin-bottom:var(--wp--preset--spacing--30);font-style:normal;font-weight:200;text-transform:uppercase\">Contact<\/h2>\n<\/div>\n\n\n\n<div class=\"wp-block-column is-vertically-aligned-top is-layout-flow wp-block-column-is-layout-flow\" style=\"padding-right:var(--wp--preset--spacing--20);padding-left:var(--wp--preset--spacing--20)\">\n<p class=\"iconized contact-address\" style=\"margin-top:var(--wp--preset--spacing--30);margin-bottom:var(--wp--preset--spacing--30)\">Bo\u00eete postale 324<br>CH-3000 Bern 13<\/p>\n<\/div>\n\n\n\n<div class=\"wp-block-column is-vertically-aligned-top is-layout-flow wp-block-column-is-layout-flow\" style=\"padding-right:var(--wp--preset--spacing--20);padding-left:var(--wp--preset--spacing--20)\">\n<p class=\"iconized contact-email\" style=\"margin-top:var(--wp--preset--spacing--30);margin-bottom:var(--wp--preset--spacing--30)\"><a href=\"mailto:info@len.law\">info@len.law<\/a><br><\/p>\n<\/div>\n<\/div>\n<\/div>\n","protected":false},"excerpt":{"rendered":"<p>LENLAW vous aide LENLAW allie la pr\u00e9cision juridique \u00e0 une approche d&rsquo;enqu\u00eate pratique. Nous accompagnons les entreprises, les \u00c9tats et les particuliers qui ont besoin d&rsquo;assistance juridique dans le cadre d&rsquo;affaires de criminalit\u00e9 \u00e9conomique. Ce qui nous distingue : Pour les entreprises Nous vous accompagnons dans les enqu\u00eates internes. Nous vous conseillons juridiquement et vous [&hellip;]<\/p>\n","protected":false},"author":1,"featured_media":0,"parent":0,"menu_order":1,"comment_status":"closed","ping_status":"closed","template":"","meta":{"footnotes":""},"class_list":["post-302","page","type-page","status-publish","hentry"],"_links":{"self":[{"href":"https:\/\/len.law\/fr\/wp-json\/wp\/v2\/pages\/302","targetHints":{"allow":["GET"]}}],"collection":[{"href":"https:\/\/len.law\/fr\/wp-json\/wp\/v2\/pages"}],"about":[{"href":"https:\/\/len.law\/fr\/wp-json\/wp\/v2\/types\/page"}],"author":[{"embeddable":true,"href":"https:\/\/len.law\/fr\/wp-json\/wp\/v2\/users\/1"}],"replies":[{"embeddable":true,"href":"https:\/\/len.law\/fr\/wp-json\/wp\/v2\/comments?post=302"}],"version-history":[{"count":4,"href":"https:\/\/len.law\/fr\/wp-json\/wp\/v2\/pages\/302\/revisions"}],"predecessor-version":[{"id":460,"href":"https:\/\/len.law\/fr\/wp-json\/wp\/v2\/pages\/302\/revisions\/460"}],"wp:attachment":[{"href":"https:\/\/len.law\/fr\/wp-json\/wp\/v2\/media?parent=302"}],"curies":[{"name":"wp","href":"https:\/\/api.w.org\/{rel}","templated":true}]}}