{"id":199,"date":"2025-10-22T22:06:43","date_gmt":"2025-10-22T22:06:43","guid":{"rendered":"https:\/\/len.law\/home\/"},"modified":"2025-12-23T20:57:54","modified_gmt":"2025-12-23T20:57:54","slug":"home","status":"publish","type":"page","link":"https:\/\/len.law\/fr\/","title":{"rendered":"Home"},"content":{"rendered":"\n<div class=\"wp-block-group alignfull royal-group has-navtext-color has-secondary-background-color has-text-color has-background has-link-color wp-elements-f49ec72e62ae30480a340d5dbb3b7cc7 has-global-padding is-layout-constrained wp-block-group-is-layout-constrained\" style=\"margin-top:0;margin-bottom:0;padding-top:var(--wp--preset--spacing--80);padding-bottom:var(--wp--preset--spacing--60)\">\n<h1 class=\"wp-block-heading\">Droit et Justice.<br\/>Pour les entreprises,<br\/>Pour les \u00c9tats,<br\/>Pour les particuliers.<\/h1>\n\n\n\n<p>LENLAW conseille dans les affaires complexes de criminalit\u00e9 \u00e9conomique \u2013 de la corruption et du blanchiment d&rsquo;argent jusqu\u2019\u00e0 la fraude.<\/p>\n\n\n\n<div class=\"wp-block-buttons is-layout-flex wp-block-buttons-is-layout-flex\">\n<div class=\"wp-block-button\"><a class=\"wp-block-button__link wp-element-button\" href=\"https:\/\/len.law\/fr\/contacter\/\">Nous contacter<\/a><\/div>\n<\/div>\n<\/div>\n\n<div class=\"wp-block-group alignfull has-gray-background-color has-background has-global-padding is-layout-constrained wp-block-group-is-layout-constrained\" style=\"margin-top:0;margin-bottom:0;padding-top:var(--wp--preset--spacing--60);padding-bottom:var(--wp--preset--spacing--60)\">\n<p class=\"has-h-2-home-font-size\"><span class=\"lenlaw\">LENLAW<\/span> m\u00e8ne des enqu\u00eates, conseille et repr\u00e9sente les entreprises, les \u00c9tats et les particuliers en mati\u00e8re p\u00e9nale \u00e9conomique et administrative \u2013 en Suisse et au-del\u00e0.<\/p>\n\n\n\n<div class=\"wp-block-columns is-layout-flex wp-container-core-columns-is-layout-28f84493 wp-block-columns-is-layout-flex\">\n<div class=\"wp-block-column has-background-background-color has-background is-layout-flow wp-block-column-is-layout-flow\" style=\"padding-top:var(--wp--preset--spacing--40);padding-right:var(--wp--preset--spacing--40);padding-bottom:var(--wp--preset--spacing--40);padding-left:var(--wp--preset--spacing--40)\">\n<div class=\"wp-block-group full-height is-vertical is-content-justification-stretch is-layout-flex wp-container-core-group-is-layout-353c4f5a wp-block-group-is-layout-flex\">\n<h2 class=\"wp-block-heading has-text-align-center home-box-title has-h-2-home-font-size\">POUR LES ENTREPRISES<\/h2>\n\n\n\n<p class=\"wp-container-content-9cfa9a5a\">Nous aidons les entreprises \u00e0 g\u00e9rer les enqu\u00eates et les proc\u00e9dures d\u2019entraide judiciaire internationale en toute s\u00e9curit\u00e9, avec une vision claire des risques et une approche strat\u00e9gique.<\/p>\n\n\n\n<p class=\"has-text-align-center home-more-link link-caret-right\"><a href=\"https:\/\/len.law\/fr\/lenlaw-vous-aide\/#corporate\" data-type=\"page\" data-id=\"40\"><strong>EN SAVOIR PLUS<\/strong><\/a><\/p>\n<\/div>\n<\/div>\n\n\n\n<div class=\"wp-block-column has-background-background-color has-background is-layout-flow wp-block-column-is-layout-flow\" style=\"padding-top:var(--wp--preset--spacing--40);padding-right:var(--wp--preset--spacing--40);padding-bottom:var(--wp--preset--spacing--40);padding-left:var(--wp--preset--spacing--40)\">\n<div class=\"wp-block-group full-height is-vertical is-content-justification-stretch is-layout-flex wp-container-core-group-is-layout-353c4f5a wp-block-group-is-layout-flex\">\n<h2 class=\"wp-block-heading home-box-title has-h-2-home-font-size\">POUR LES \u00c9TATS<\/h2>\n\n\n\n<p class=\"wp-container-content-9cfa9a5a\">Nous conseillons les \u00c9tats et les institutions \u00e9tatiques dans le cadre d\u2019enqu\u00eates internationales et dans le domaine du recouvrement d\u2019avoirs. Nous combinons l\u2019exp\u00e9rience acquise dans des proc\u00e9dures p\u00e9nales complexes avec une compr\u00e9hension approfondie des processus internationaux d\u2019entraide judiciaire. <\/p>\n\n\n\n<p class=\"has-text-align-center home-more-link link-caret-right\"><a href=\"https:\/\/len.law\/fr\/lenlaw-vous-aide\/#states\" data-type=\"page\" data-id=\"40\"><strong>EN SAVOIR PLUS<\/strong><\/a><\/p>\n<\/div>\n<\/div>\n\n\n\n<div class=\"wp-block-column has-background-background-color has-background is-layout-flow wp-block-column-is-layout-flow\" style=\"padding-top:var(--wp--preset--spacing--40);padding-right:var(--wp--preset--spacing--40);padding-bottom:var(--wp--preset--spacing--40);padding-left:var(--wp--preset--spacing--40)\">\n<div class=\"wp-block-group full-height is-vertical is-content-justification-stretch is-layout-flex wp-container-core-group-is-layout-353c4f5a wp-block-group-is-layout-flex\">\n<h2 class=\"wp-block-heading home-box-title has-h-2-home-font-size\">POUR LES PARTICULIERS<\/h2>\n\n\n\n<p class=\"wp-container-content-9cfa9a5a\">Nous accompagnons et d\u00e9fendons les personnes tant en droit p\u00e9nal \u00e9conomique qu&rsquo;en droit p\u00e9nal g\u00e9n\u00e9ral et administratif, qu&rsquo;elles soient l\u00e9s\u00e9es, victimes ou accus\u00e9es.<\/p>\n\n\n\n<p class=\"home-more-link link-caret-right\"><a href=\"https:\/\/len.law\/fr\/lenlaw-vous-aide\/#private\" data-type=\"page\" data-id=\"40\"><strong>EN SAVOIR PLUS<\/strong><\/a><\/p>\n<\/div>\n<\/div>\n<\/div>\n<\/div>\n\n<div class=\"wp-block-group alignfull has-navtext-color has-text-color has-background has-link-color wp-elements-a21a2f050f3f56b169fcab4463b8954d has-global-padding is-layout-constrained wp-block-group-is-layout-constrained\" style=\"background:linear-gradient(135deg,rgb(156,156,156) 0%,rgb(66,66,66) 100%);margin-top:0;margin-bottom:0;padding-top:var(--wp--preset--spacing--60);padding-bottom:var(--wp--preset--spacing--60)\">\n<p class=\"has-h-2-font-size\" style=\"text-transform:uppercase\">Vos avocats<\/p>\n\n\n\n<div class=\"wp-block-columns is-layout-flex wp-container-core-columns-is-layout-28f84493 wp-block-columns-is-layout-flex\">\n<div class=\"wp-block-column is-layout-flow wp-block-column-is-layout-flow\">\n<figure class=\"wp-block-image size-large\"><a href=\"https:\/\/len.law\/fr\/vos-avocats\/stefan-lenz\/\"><img loading=\"lazy\" decoding=\"async\" width=\"1024\" height=\"1024\" src=\"https:\/\/len.law\/wp-content\/uploads\/2025\/12\/7G2A8937-stefan-lenz-small-1024x1024.jpg\" alt=\"Stefan Lenz\" class=\"wp-image-181\" srcset=\"https:\/\/len.law\/wp-content\/uploads\/2025\/12\/7G2A8937-stefan-lenz-small-1024x1024.jpg 1024w, https:\/\/len.law\/wp-content\/uploads\/2025\/12\/7G2A8937-stefan-lenz-small-300x300.jpg 300w, https:\/\/len.law\/wp-content\/uploads\/2025\/12\/7G2A8937-stefan-lenz-small-150x150.jpg 150w, https:\/\/len.law\/wp-content\/uploads\/2025\/12\/7G2A8937-stefan-lenz-small-768x768.jpg 768w, https:\/\/len.law\/wp-content\/uploads\/2025\/12\/7G2A8937-stefan-lenz-small-1536x1536.jpg 1536w, https:\/\/len.law\/wp-content\/uploads\/2025\/12\/7G2A8937-stefan-lenz-small.jpg 1920w\" sizes=\"auto, (max-width: 1024px) 100vw, 1024px\" \/><\/a><\/figure>\n\n\n\n<p class=\"has-h-3-font-size\" style=\"margin-top:0;margin-bottom:0;padding-top:var(--wp--preset--spacing--30);padding-bottom:var(--wp--preset--spacing--30)\"><a href=\"https:\/\/len.law\/fr\/vos-avocats\/stefan-lenz\/\" data-type=\"page\" data-id=\"60\"><strong>Stefan Lenz<\/strong> \u2013 Avocat, LL.M.<\/a><\/p>\n<\/div>\n\n\n\n<div class=\"wp-block-column is-layout-flow wp-block-column-is-layout-flow\">\n<figure class=\"wp-block-image size-large\"><a href=\"https:\/\/len.law\/fr\/vos-avocats\/stefan-mbiyavanga\/\"><img loading=\"lazy\" decoding=\"async\" width=\"1024\" height=\"1024\" src=\"https:\/\/len.law\/wp-content\/uploads\/2025\/12\/7G2A8865-stefan-mbiyavanga-small-1024x1024.jpg\" alt=\"Stefan Mbiyavanga\" class=\"wp-image-180\" srcset=\"https:\/\/len.law\/wp-content\/uploads\/2025\/12\/7G2A8865-stefan-mbiyavanga-small-1024x1024.jpg 1024w, https:\/\/len.law\/wp-content\/uploads\/2025\/12\/7G2A8865-stefan-mbiyavanga-small-300x300.jpg 300w, https:\/\/len.law\/wp-content\/uploads\/2025\/12\/7G2A8865-stefan-mbiyavanga-small-150x150.jpg 150w, https:\/\/len.law\/wp-content\/uploads\/2025\/12\/7G2A8865-stefan-mbiyavanga-small-768x768.jpg 768w, https:\/\/len.law\/wp-content\/uploads\/2025\/12\/7G2A8865-stefan-mbiyavanga-small-1536x1536.jpg 1536w, https:\/\/len.law\/wp-content\/uploads\/2025\/12\/7G2A8865-stefan-mbiyavanga-small.jpg 1920w\" sizes=\"auto, (max-width: 1024px) 100vw, 1024px\" \/><\/a><\/figure>\n\n\n\n<p class=\"has-h-3-font-size\" style=\"margin-top:0;margin-bottom:0;padding-top:var(--wp--preset--spacing--30);padding-bottom:var(--wp--preset--spacing--30)\"><a href=\"https:\/\/len.law\/fr\/vos-avocats\/stefan-mbiyavanga\/\" data-type=\"page\" data-id=\"64\"><strong>Stefan Mbiyavanga<\/strong> \u2013 Avocat, Dr. iur.<\/a><\/p>\n<\/div>\n<\/div>\n<\/div>\n\n<div class=\"wp-block-group has-global-padding is-layout-constrained wp-block-group-is-layout-constrained\">\n<div class=\"wp-block-columns are-vertically-aligned-top is-layout-flex wp-container-core-columns-is-layout-28f84493 wp-block-columns-is-layout-flex\">\n<div class=\"wp-block-column is-vertically-aligned-top is-layout-flow wp-block-column-is-layout-flow\">\n<h2 class=\"wp-block-heading contact-title\" style=\"margin-top:var(--wp--preset--spacing--30);margin-bottom:var(--wp--preset--spacing--30);font-style:normal;font-weight:200;text-transform:uppercase\">Contact<\/h2>\n<\/div>\n\n\n\n<div class=\"wp-block-column is-vertically-aligned-top is-layout-flow wp-block-column-is-layout-flow\" style=\"padding-right:var(--wp--preset--spacing--20);padding-left:var(--wp--preset--spacing--20)\">\n<p class=\"iconized contact-address\" style=\"margin-top:var(--wp--preset--spacing--30);margin-bottom:var(--wp--preset--spacing--30)\">Bo\u00eete postale 324<br>CH-3000 Bern 13<\/p>\n<\/div>\n\n\n\n<div class=\"wp-block-column is-vertically-aligned-top is-layout-flow wp-block-column-is-layout-flow\" style=\"padding-right:var(--wp--preset--spacing--20);padding-left:var(--wp--preset--spacing--20)\">\n<p class=\"iconized contact-email\" style=\"margin-top:var(--wp--preset--spacing--30);margin-bottom:var(--wp--preset--spacing--30)\"><a href=\"mailto:info@len.law\">info@len.law<\/a><br><\/p>\n<\/div>\n<\/div>\n<\/div>\n","protected":false},"excerpt":{"rendered":"<p>Droit et Justice.Pour les entreprises,Pour les \u00c9tats,Pour les particuliers. LENLAW conseille dans les affaires complexes de criminalit\u00e9 \u00e9conomique \u2013 de la corruption et du blanchiment d&rsquo;argent jusqu\u2019\u00e0 la fraude. LENLAW m\u00e8ne des enqu\u00eates, conseille et repr\u00e9sente les entreprises, les \u00c9tats et les particuliers en mati\u00e8re p\u00e9nale \u00e9conomique et administrative \u2013 en Suisse et au-del\u00e0. POUR [&hellip;]<\/p>\n","protected":false},"author":1,"featured_media":0,"parent":0,"menu_order":0,"comment_status":"closed","ping_status":"closed","template":"","meta":{"footnotes":""},"class_list":["post-199","page","type-page","status-publish","hentry"],"_links":{"self":[{"href":"https:\/\/len.law\/fr\/wp-json\/wp\/v2\/pages\/199","targetHints":{"allow":["GET"]}}],"collection":[{"href":"https:\/\/len.law\/fr\/wp-json\/wp\/v2\/pages"}],"about":[{"href":"https:\/\/len.law\/fr\/wp-json\/wp\/v2\/types\/page"}],"author":[{"embeddable":true,"href":"https:\/\/len.law\/fr\/wp-json\/wp\/v2\/users\/1"}],"replies":[{"embeddable":true,"href":"https:\/\/len.law\/fr\/wp-json\/wp\/v2\/comments?post=199"}],"version-history":[{"count":11,"href":"https:\/\/len.law\/fr\/wp-json\/wp\/v2\/pages\/199\/revisions"}],"predecessor-version":[{"id":515,"href":"https:\/\/len.law\/fr\/wp-json\/wp\/v2\/pages\/199\/revisions\/515"}],"wp:attachment":[{"href":"https:\/\/len.law\/fr\/wp-json\/wp\/v2\/media?parent=199"}],"curies":[{"name":"wp","href":"https:\/\/api.w.org\/{rel}","templated":true}]}}