{"id":371,"date":"2025-10-22T22:06:43","date_gmt":"2025-10-22T22:06:43","guid":{"rendered":"https:\/\/len.law\/creditos\/"},"modified":"2025-12-19T16:30:40","modified_gmt":"2025-12-19T16:30:40","slug":"creditos","status":"publish","type":"page","link":"https:\/\/len.law\/es\/creditos\/","title":{"rendered":"Cr\u00e9ditos"},"content":{"rendered":"\n<h2 class=\"wp-block-heading has-h-1-font-size\" style=\"margin-top:var(--wp--preset--spacing--60)\">Cr\u00e9ditos<\/h2>\n\n<p><\/p>\n\n<div class=\"wp-block-columns is-layout-flex wp-container-core-columns-is-layout-28f84493 wp-block-columns-is-layout-flex\">\n<div class=\"wp-block-column is-layout-flow wp-block-column-is-layout-flow\">\n<h3 class=\"wp-block-heading has-h-3-font-size\">Editor<\/h3>\n\n\n\n<p><span class=\"lenlaw\">LENLAW <\/span>Stefan Mbiyavanga<br\/>Postfach 324<br\/>3000 Bern 13<br\/>Schweiz<\/p>\n<\/div>\n\n\n\n<div class=\"wp-block-column is-layout-flow wp-block-column-is-layout-flow\">\n<h3 class=\"wp-block-heading has-h-3-font-size\">Fot\u00f3grafo<\/h3>\n\n\n\n<p>Werner Tschan<br\/>STUDIO LTD<br\/>3013 Bern<br\/><a href=\"http:\/\/www.studio-ltd.com\" target=\"_blank\" rel=\"noreferrer noopener\">studio-ltd.com<\/a><\/p>\n<\/div>\n<\/div>\n\n<div class=\"wp-block-columns is-layout-flex wp-container-core-columns-is-layout-28f84493 wp-block-columns-is-layout-flex\">\n<div class=\"wp-block-column is-layout-flow wp-block-column-is-layout-flow\">\n<h3 class=\"wp-block-heading has-h-3-font-size\">Dise\u00f1o gr\u00e1fico<\/h3>\n\n\n\n<p>Tamara Br\u00fcderli<br\/><a href=\"https:\/\/brother.li\">brother.li<\/a><br\/>Schweiz<\/p>\n<\/div>\n\n\n\n<div class=\"wp-block-column is-layout-flow wp-block-column-is-layout-flow\">\n<h3 class=\"wp-block-heading has-h-3-font-size\">Implementaci\u00f3n t\u00e9cnica<\/h3>\n\n\n\n<p>Thomas Br\u00fcderli<br\/><a href=\"https:\/\/brother.li\">brother.li<\/a><br\/>Schweiz<\/p>\n<\/div>\n<\/div>\n\n<div style=\"height:100px\" aria-hidden=\"true\" class=\"wp-block-spacer\"><\/div>\n\n<div class=\"wp-block-group has-global-padding is-layout-constrained wp-block-group-is-layout-constrained\">\n<div class=\"wp-block-columns are-vertically-aligned-top is-layout-flex wp-container-core-columns-is-layout-28f84493 wp-block-columns-is-layout-flex\">\n<div class=\"wp-block-column is-vertically-aligned-top is-layout-flow wp-block-column-is-layout-flow\">\n<h2 class=\"wp-block-heading contact-title\" style=\"margin-top:var(--wp--preset--spacing--30);margin-bottom:var(--wp--preset--spacing--30);font-style:normal;font-weight:200;text-transform:uppercase\">Contacto<\/h2>\n<\/div>\n\n\n\n<div class=\"wp-block-column is-vertically-aligned-top is-layout-flow wp-block-column-is-layout-flow\" style=\"padding-right:var(--wp--preset--spacing--20);padding-left:var(--wp--preset--spacing--20)\">\n<p class=\"iconized contact-address\" style=\"margin-top:var(--wp--preset--spacing--30);margin-bottom:var(--wp--preset--spacing--30)\">Apartado de correos 324<br\/>CH-3000 Berna 13<\/p>\n<\/div>\n\n\n\n<div class=\"wp-block-column is-vertically-aligned-top is-layout-flow wp-block-column-is-layout-flow\" style=\"padding-right:var(--wp--preset--spacing--20);padding-left:var(--wp--preset--spacing--20)\">\n<p class=\"iconized contact-email\" style=\"margin-top:var(--wp--preset--spacing--30);margin-bottom:var(--wp--preset--spacing--30)\"><a href=\"mailto:info@len.law\">info@len.law<\/a><br\/><\/p>\n<\/div>\n<\/div>\n<\/div>\n","protected":false},"excerpt":{"rendered":"<p>Cr\u00e9ditos Editor LENLAW Stefan MbiyavangaPostfach 3243000 Bern 13Schweiz Fot\u00f3grafo Werner TschanSTUDIO LTD3013 Bernstudio-ltd.com Dise\u00f1o gr\u00e1fico Tamara Br\u00fcderlibrother.liSchweiz Implementaci\u00f3n t\u00e9cnica Thomas Br\u00fcderlibrother.liSchweiz<\/p>\n","protected":false},"author":1,"featured_media":0,"parent":0,"menu_order":100,"comment_status":"closed","ping_status":"closed","template":"","meta":{"footnotes":""},"class_list":["post-371","page","type-page","status-publish","hentry"],"_links":{"self":[{"href":"https:\/\/len.law\/es\/wp-json\/wp\/v2\/pages\/371","targetHints":{"allow":["GET"]}}],"collection":[{"href":"https:\/\/len.law\/es\/wp-json\/wp\/v2\/pages"}],"about":[{"href":"https:\/\/len.law\/es\/wp-json\/wp\/v2\/types\/page"}],"author":[{"embeddable":true,"href":"https:\/\/len.law\/es\/wp-json\/wp\/v2\/users\/1"}],"replies":[{"embeddable":true,"href":"https:\/\/len.law\/es\/wp-json\/wp\/v2\/comments?post=371"}],"version-history":[{"count":1,"href":"https:\/\/len.law\/es\/wp-json\/wp\/v2\/pages\/371\/revisions"}],"predecessor-version":[{"id":372,"href":"https:\/\/len.law\/es\/wp-json\/wp\/v2\/pages\/371\/revisions\/372"}],"wp:attachment":[{"href":"https:\/\/len.law\/es\/wp-json\/wp\/v2\/media?parent=371"}],"curies":[{"name":"wp","href":"https:\/\/api.w.org\/{rel}","templated":true}]}}