{"id":365,"date":"2025-11-09T22:44:19","date_gmt":"2025-11-09T22:44:19","guid":{"rendered":"https:\/\/len.law\/sus-abogados\/stefan-mbiyavanga\/"},"modified":"2025-12-22T22:34:19","modified_gmt":"2025-12-22T22:34:19","slug":"stefan-mbiyavanga","status":"publish","type":"page","link":"https:\/\/len.law\/es\/sus-abogados\/stefan-mbiyavanga\/","title":{"rendered":"Stefan Mbiyavanga"},"content":{"rendered":"\n<div class=\"wp-block-group alignfull royal-group has-navtext-color has-secondary-background-color has-text-color has-background has-link-color wp-elements-b16654441ffff419879a54607fec9f34 has-global-padding is-layout-constrained wp-block-group-is-layout-constrained\" style=\"padding-top:var(--wp--preset--spacing--80);padding-bottom:var(--wp--preset--spacing--60)\">\n<h2 class=\"wp-block-heading has-h-1-font-size\">Stefan Mbiyavanga<\/h2>\n\n\n\n<p>Asesoro, represento y defiendo en todos los \u00e1mbitos del derecho penal y de la asistencia judicial internacional.<\/p>\n<\/div>\n\n<div class=\"wp-block-group has-global-padding is-layout-constrained wp-block-group-is-layout-constrained\">\n<h2 class=\"wp-block-heading has-h-3-font-size\">Formaci\u00f3n<\/h2>\n\n\n\n<p>Estudi\u00e9 derecho econ\u00f3mico internacional en la Universidad de Basilea y en la Chinese University of Hong Kong. Durante mis estudios, trabaj\u00e9 como asistente en la c\u00e1tedra de derecho penal del Prof. Mark Pieth.<\/p>\n\n\n\n<p>Tras finalizar mi formaci\u00f3n, trabaj\u00e9 durante dos a\u00f1os en Per\u00fa, donde apoy\u00e9 a autoridades de justicia penal en cuestiones de derecho penal econ\u00f3mico internacional y asistencia jur\u00eddica mutua. En 2022, obtuve mi doctorado (Dr. iur.) en la Universidad de Basilea con una disertaci\u00f3n sobre asistencia jur\u00eddica mutua internacional en materia penal.<\/p>\n\n\n\n<h2 class=\"wp-block-heading has-h-3-font-size\">Pr\u00e1ctica Legal<\/h2>\n\n\n\n<p>Despu\u00e9s de pr\u00e1cticas en el Cant\u00f3n de Berna y en el Tribunal Penal Federal, obtuve mi licencia de abogado bern\u00e9s en 2025. Desde entonces, trabajo principalmente como abogado para personas e instituciones afectadas como v\u00edctimas de delitos econ\u00f3micos. Adem\u00e1s, estoy activo en derecho penal general y asistencia jur\u00eddica mutua internacional.<\/p>\n\n\n\n<p>Asesoro en alem\u00e1n, ingl\u00e9s, espa\u00f1ol y franc\u00e9s.<\/p>\n<\/div>\n\n<div class=\"wp-block-group alignfull has-light-background-color has-background has-global-padding is-layout-constrained wp-block-group-is-layout-constrained\" style=\"padding-top:var(--wp--preset--spacing--50);padding-bottom:var(--wp--preset--spacing--50)\">\n<h2 class=\"wp-block-heading has-h-2-font-size\">Vita Stefan Mbiyavanga, Dr. iur., Rechtsanwalt<\/h2>\n\n\n\n<div class=\"wp-block-columns is-layout-flex wp-container-core-columns-is-layout-28f84493 wp-block-columns-is-layout-flex\">\n<div class=\"wp-block-column is-layout-flow wp-block-column-is-layout-flow\" style=\"flex-basis:33.33%\">\n<figure class=\"wp-block-image size-medium\"><img decoding=\"async\" src=\"https:\/\/len.law\/wp-content\/uploads\/2025\/11\/7G2A8865-stefan-mbiyavanga-small-300x300.jpg\" alt=\"\" class=\"wp-image-55\"\/><\/figure>\n<\/div>\n\n\n\n<div class=\"wp-block-column is-layout-flow wp-block-column-is-layout-flow\" style=\"flex-basis:66.66%\">\n<ul class=\"wp-block-list lined\">\n<li>2013\u20132019: Estudios de derecho en la Universidad de Basilea y la Chinese University of Hong Kong<\/li>\n\n\n\n<li>2015\u20132019: Asistente, C\u00e1tedra de Derecho Penal y Procesal Penal de Mark Pieth, Universidad de Basilea<\/li>\n\n\n\n<li>2019\u20132021: Especialista Legal para Am\u00e9rica Latina, Basel Institute on Governance<\/li>\n\n\n\n<li>2022 Doctorado (Dr. iur.), Universidad de Basilea<\/li>\n\n\n\n<li>2022\u20132024: Pr\u00e1cticas en el Tribunal Penal Federal, la Administraci\u00f3n Cantonal de Berna y un bufete de abogados bern\u00e9s de tama\u00f1o mediano<\/li>\n\n\n\n<li>2025 Admisi\u00f3n como abogado bern\u00e9s<\/li>\n\n\n\n<li>desde 2025 Jefe de Investigaciones en un servicio de derecho penal de la Administraci\u00f3n Federal (tiempo parcial)<\/li>\n\n\n\n<li>desde 2025 Abogado en LENLAW<\/li>\n<\/ul>\n<\/div>\n<\/div>\n<\/div>\n\n<div class=\"wp-block-group has-global-padding is-layout-constrained wp-block-group-is-layout-constrained\" style=\"margin-bottom:var(--wp--preset--spacing--70)\">\n<h3 class=\"wp-block-heading has-h-3-font-size\">Miembro de<\/h3>\n\n\n\n<ul class=\"wp-block-list lined\">\n<li><a href=\"https:\/\/www.forum-strafverteidigung.ch\/\">Foro de defensa penal<\/a><\/li>\n\n\n\n<li><a href=\"https:\/\/trialinternational.org\/\">TRIAL International<\/a><\/li>\n<\/ul>\n\n\n\n<h3 class=\"wp-block-heading has-h-3-font-size\">Idiomas<\/h3>\n\n\n\n<p>Alem\u00e1n, Ingl\u00e9s, Espa\u00f1ol, Franc\u00e9s, Chino (B\u00e1sico)<\/p>\n\n\n\n<h3 class=\"wp-block-heading has-h-3-font-size\">Publicaciones<\/h3>\n\n\n\n<p><a href=\"https:\/\/len.law\/es\/2025\/12\/02\/lista-de-publicaciones-stefan-mbiyavanga\/\" data-type=\"post\" data-id=\"380\">Lista de mis publicaciones acad\u00e9micas<\/a><\/p>\n<\/div>\n\n<div class=\"wp-block-group has-global-padding is-layout-constrained wp-block-group-is-layout-constrained\">\n<div class=\"wp-block-columns are-vertically-aligned-top is-layout-flex wp-container-core-columns-is-layout-28f84493 wp-block-columns-is-layout-flex\">\n<div class=\"wp-block-column is-vertically-aligned-top is-layout-flow wp-block-column-is-layout-flow\">\n<h2 class=\"wp-block-heading contact-title\" style=\"margin-top:var(--wp--preset--spacing--30);margin-bottom:var(--wp--preset--spacing--30);font-style:normal;font-weight:200;text-transform:uppercase\">Contacto<\/h2>\n<\/div>\n\n\n\n<div class=\"wp-block-column is-vertically-aligned-top is-layout-flow wp-block-column-is-layout-flow\" style=\"padding-right:var(--wp--preset--spacing--20);padding-left:var(--wp--preset--spacing--20)\">\n<p class=\"iconized contact-address\" style=\"margin-top:var(--wp--preset--spacing--30);margin-bottom:var(--wp--preset--spacing--30)\">Apartado de correos 324<br\/>CH-3000 Berna 13<\/p>\n<\/div>\n\n\n\n<div class=\"wp-block-column is-vertically-aligned-top is-layout-flow wp-block-column-is-layout-flow\" style=\"padding-right:var(--wp--preset--spacing--20);padding-left:var(--wp--preset--spacing--20)\">\n<p class=\"iconized contact-email\" style=\"margin-top:var(--wp--preset--spacing--30);margin-bottom:var(--wp--preset--spacing--30)\"><a href=\"mailto:info@len.law\">info@len.law<\/a><br\/><\/p>\n<\/div>\n<\/div>\n<\/div>\n\n<p><\/p>\n","protected":false},"excerpt":{"rendered":"<p>Stefan Mbiyavanga Asesoro, represento y defiendo en todos los \u00e1mbitos del derecho penal y de la asistencia judicial internacional. Formaci\u00f3n Estudi\u00e9 derecho econ\u00f3mico internacional en la Universidad de Basilea y en la Chinese University of Hong Kong. Durante mis estudios, trabaj\u00e9 como asistente en la c\u00e1tedra de derecho penal del Prof. Mark Pieth. Tras finalizar [&hellip;]<\/p>\n","protected":false},"author":1,"featured_media":0,"parent":353,"menu_order":0,"comment_status":"closed","ping_status":"closed","template":"","meta":{"footnotes":""},"class_list":["post-365","page","type-page","status-publish","hentry"],"_links":{"self":[{"href":"https:\/\/len.law\/es\/wp-json\/wp\/v2\/pages\/365","targetHints":{"allow":["GET"]}}],"collection":[{"href":"https:\/\/len.law\/es\/wp-json\/wp\/v2\/pages"}],"about":[{"href":"https:\/\/len.law\/es\/wp-json\/wp\/v2\/types\/page"}],"author":[{"embeddable":true,"href":"https:\/\/len.law\/es\/wp-json\/wp\/v2\/users\/1"}],"replies":[{"embeddable":true,"href":"https:\/\/len.law\/es\/wp-json\/wp\/v2\/comments?post=365"}],"version-history":[{"count":7,"href":"https:\/\/len.law\/es\/wp-json\/wp\/v2\/pages\/365\/revisions"}],"predecessor-version":[{"id":493,"href":"https:\/\/len.law\/es\/wp-json\/wp\/v2\/pages\/365\/revisions\/493"}],"up":[{"embeddable":true,"href":"https:\/\/len.law\/es\/wp-json\/wp\/v2\/pages\/353"}],"wp:attachment":[{"href":"https:\/\/len.law\/es\/wp-json\/wp\/v2\/media?parent=365"}],"curies":[{"name":"wp","href":"https:\/\/api.w.org\/{rel}","templated":true}]}}