{"id":360,"date":"2025-11-09T22:33:29","date_gmt":"2025-11-09T22:33:29","guid":{"rendered":"https:\/\/len.law\/sus-abogados\/stefan-lenz\/"},"modified":"2025-12-19T16:21:13","modified_gmt":"2025-12-19T16:21:13","slug":"stefan-lenz","status":"publish","type":"page","link":"https:\/\/len.law\/es\/sus-abogados\/stefan-lenz\/","title":{"rendered":"Stefan Lenz"},"content":{"rendered":"\n<div class=\"wp-block-group alignfull royal-group has-navtext-color has-secondary-background-color has-text-color has-background has-link-color wp-elements-a45330e9b07633adab8d31c137ccda27 has-global-padding is-layout-constrained wp-block-group-is-layout-constrained\" style=\"padding-top:var(--wp--preset--spacing--80);padding-bottom:var(--wp--preset--spacing--60)\">\n<h2 class=\"wp-block-heading has-h-1-font-size\">Stefan Lenz<\/h2>\n\n\n\n<p>Soy Stefan Lenz, abogado y ex fiscal federal.<br \/>Estoy especializado en derecho penal econ\u00f3mico \u2013 particularmente en la lucha contra la corrupci\u00f3n internacional y el lavado de activos.<\/p>\n<\/div>\n\n<div class=\"wp-block-group has-global-padding is-layout-constrained wp-block-group-is-layout-constrained\">\n<h2 class=\"wp-block-heading has-h-3-font-size\">Abogado \/ Ex Fiscal Federal \/ Ex Jefe de Investigaciones de la Oficina Federal de Transporte<\/h2>\n\n\n\n<p> De 2002 a 2016, como fiscal federal de la Fiscal\u00eda General de Suiza, dirig\u00ed investigaciones penales de gran envergadura y alta complejidad. <\/p>\n\n\n\n<p>En colaboraci\u00f3n con otros fiscales federales y con la Polic\u00eda Federal Suiza, conduje procedimientos transfronterizos relevantes en materia de corrupci\u00f3n y blanqueo. Entre ellos se encuentran, entre otros, los casos concluidos con \u00e9xito contra Alstom, un miembro de la familia Gaddafi, as\u00ed como numerosas investigaciones relacionadas con el esc\u00e1ndalo Petrobras\/Odebrecht en Brasil. <\/p>\n\n\n\n<p>Tras iniciar mi actividad como abogado independiente, trabaj\u00e9 adem\u00e1s a tiempo parcial para la Oficina Federal de Transportes, encarg\u00e1ndome de investigaciones complejas en casos de fraude en subvenciones.<\/p>\n\n\n\n<h2 class=\"wp-block-heading has-h-3-font-size\">Gesti\u00f3n de mandatos<\/h2>\n\n\n\n<p>Pongo mis conocimientos y experiencia al servicio de personas e instituciones involucradas en casos de criminalidad econ\u00f3mica, ya sea en calidad de acusados o como partes perjudicadas.<\/p>\n\n\n\n<h2 class=\"wp-block-heading has-h-3-font-size\">Red<\/h2>\n\n\n\n<p>A lo largo de mi trayectoria he establecido v\u00ednculos estrechos con fiscales y autoridades investigadoras de todo el mundo, as\u00ed como con organismos del Banco Mundial y del Banco Europeo de Reconstrucci\u00f3n y Desarrollo.<\/p>\n<\/div>\n\n<div class=\"wp-block-group alignfull has-light-background-color has-background has-global-padding is-layout-constrained wp-block-group-is-layout-constrained\" style=\"padding-top:var(--wp--preset--spacing--50);padding-bottom:var(--wp--preset--spacing--50)\">\n<h2 class=\"wp-block-heading\">CVStefan Lenz, Abogado, LL.M.<\/h2>\n\n\n\n<div class=\"wp-block-columns is-layout-flex wp-container-core-columns-is-layout-28f84493 wp-block-columns-is-layout-flex\">\n<div class=\"wp-block-column is-layout-flow wp-block-column-is-layout-flow\" style=\"flex-basis:33.33%\">\n<figure class=\"wp-block-image size-large\"><img decoding=\"async\" src=\"https:\/\/len.law\/wp-content\/uploads\/2025\/11\/7G2A8937-stefan-lenz-small-1024x1024.jpg\" alt=\"\" class=\"wp-image-54\" \/><\/figure>\n<\/div>\n\n\n\n<div class=\"wp-block-column is-layout-flow wp-block-column-is-layout-flow\" style=\"flex-basis:66.66%\">\n<ul class=\"wp-block-list lined\">\n<li>Estudios en Derecho en la Universidad de Berna<\/li>\n\n\n\n<li>1989 Admisi\u00f3n como Abogado en el Cant\u00f3n de Berna<\/li>\n\n\n\n<li>1989 a1994 secretario judicial en el Tribunal Superior del Cant\u00f3n de Berna en \u00e1reas de derecho civil y penal<\/li>\n\n\n\n<li>1994 bis 2002 Abogado independiente<\/li>\n\n\n\n<li>1999 a 2000 Estudios de posgrado \u00abDerecho Econ\u00f3mico Internacional\u00bb en la Universidad de Z\u00farich<\/li>\n\n\n\n<li>2002 Elecci\u00f3n como Fiscal Federal Suplente<\/li>\n\n\n\n<li>2003 a 2005 Estudios de posgrado \u00abLucha contra la Criminalidad Econ\u00f3mica\u00bb en la Universidad de Lucerna<\/li>\n\n\n\n<li>2006 Ascenso a Fiscal Federal<\/li>\n\n\n\n<li>Hasta diciembre de 2016: Fiscal Federal con enfoque en corrupci\u00f3n internacional y blanqueo de capitales<\/li>\n\n\n\n<li>Desde 2017 Abogado independiente<\/li>\n\n\n\n<li>2023 a 2024: Jefe de Investigaciones para procedimientos penales en la Oficina Federal de Transportes (tiempo parcial, en relaci\u00f3n con casos complejos de fraude de subvenciones)<\/li>\n<\/ul>\n<\/div>\n<\/div>\n<\/div>\n\n<div class=\"wp-block-group has-global-padding is-layout-constrained wp-block-group-is-layout-constrained\" style=\"margin-bottom:var(--wp--preset--spacing--70)\">\n<h3 class=\"wp-block-heading has-h-3-font-size\">Miembro de<\/h3>\n\n\n\n<ul class=\"wp-block-list lined\">\n<li><a href=\"https:\/\/www.sav-fsa.ch\/\" target=\"_blank\" rel=\"noreferrer noopener\">Colegio de Abogados de Berna y Federaci\u00f3n Suiza de Abogados<\/a><\/li>\n\n\n\n<li><a href=\"http:\/\/www.seeci.ch\/de\" target=\"_blank\" rel=\"noreferrer noopener\">Asociaci\u00f3n Suiza de Expertos en Lucha contra la Criminalidad Econ\u00f3mica<\/a> (SEBWK)<\/li>\n<\/ul>\n\n\n\n<h3 class=\"wp-block-heading has-h-3-font-size\">Idiomas<\/h3>\n\n\n\n<p>Alem\u00e1n, Ingl\u00e9s, Franc\u00e9s<\/p>\n<\/div>\n\n<div class=\"wp-block-group has-global-padding is-layout-constrained wp-block-group-is-layout-constrained\">\n<div class=\"wp-block-columns are-vertically-aligned-top is-layout-flex wp-container-core-columns-is-layout-28f84493 wp-block-columns-is-layout-flex\">\n<div class=\"wp-block-column is-vertically-aligned-top is-layout-flow wp-block-column-is-layout-flow\">\n<h2 class=\"wp-block-heading contact-title\" style=\"margin-top:var(--wp--preset--spacing--30);margin-bottom:var(--wp--preset--spacing--30);font-style:normal;font-weight:200;text-transform:uppercase\">Contacto<\/h2>\n<\/div>\n\n\n\n<div class=\"wp-block-column is-vertically-aligned-top is-layout-flow wp-block-column-is-layout-flow\" style=\"padding-right:var(--wp--preset--spacing--20);padding-left:var(--wp--preset--spacing--20)\">\n<p class=\"iconized contact-address\" style=\"margin-top:var(--wp--preset--spacing--30);margin-bottom:var(--wp--preset--spacing--30)\">Apartado de correos 324<br\/>CH-3000 Berna 13<\/p>\n<\/div>\n\n\n\n<div class=\"wp-block-column is-vertically-aligned-top is-layout-flow wp-block-column-is-layout-flow\" style=\"padding-right:var(--wp--preset--spacing--20);padding-left:var(--wp--preset--spacing--20)\">\n<p class=\"iconized contact-email\" style=\"margin-top:var(--wp--preset--spacing--30);margin-bottom:var(--wp--preset--spacing--30)\"><a href=\"mailto:info@len.law\">info@len.law<\/a><br\/><\/p>\n<\/div>\n<\/div>\n<\/div>\n","protected":false},"excerpt":{"rendered":"<p>Stefan Lenz Soy Stefan Lenz, abogado y ex fiscal federal.Estoy especializado en derecho penal econ\u00f3mico \u2013 particularmente en la lucha contra la corrupci\u00f3n internacional y el lavado de activos. Abogado \/ Ex Fiscal Federal \/ Ex Jefe de Investigaciones de la Oficina Federal de Transporte De 2002 a 2016, como fiscal federal de la Fiscal\u00eda [&hellip;]<\/p>\n","protected":false},"author":1,"featured_media":0,"parent":353,"menu_order":0,"comment_status":"closed","ping_status":"closed","template":"","meta":{"footnotes":""},"class_list":["post-360","page","type-page","status-publish","hentry"],"_links":{"self":[{"href":"https:\/\/len.law\/es\/wp-json\/wp\/v2\/pages\/360","targetHints":{"allow":["GET"]}}],"collection":[{"href":"https:\/\/len.law\/es\/wp-json\/wp\/v2\/pages"}],"about":[{"href":"https:\/\/len.law\/es\/wp-json\/wp\/v2\/types\/page"}],"author":[{"embeddable":true,"href":"https:\/\/len.law\/es\/wp-json\/wp\/v2\/users\/1"}],"replies":[{"embeddable":true,"href":"https:\/\/len.law\/es\/wp-json\/wp\/v2\/comments?post=360"}],"version-history":[{"count":2,"href":"https:\/\/len.law\/es\/wp-json\/wp\/v2\/pages\/360\/revisions"}],"predecessor-version":[{"id":362,"href":"https:\/\/len.law\/es\/wp-json\/wp\/v2\/pages\/360\/revisions\/362"}],"up":[{"embeddable":true,"href":"https:\/\/len.law\/es\/wp-json\/wp\/v2\/pages\/353"}],"wp:attachment":[{"href":"https:\/\/len.law\/es\/wp-json\/wp\/v2\/media?parent=360"}],"curies":[{"name":"wp","href":"https:\/\/api.w.org\/{rel}","templated":true}]}}