{"id":353,"date":"2025-11-09T22:19:59","date_gmt":"2025-11-09T22:19:59","guid":{"rendered":"https:\/\/len.law\/sus-abogados\/"},"modified":"2025-12-19T16:25:57","modified_gmt":"2025-12-19T16:25:57","slug":"sus-abogados","status":"publish","type":"page","link":"https:\/\/len.law\/es\/sus-abogados\/","title":{"rendered":"Sus abogados"},"content":{"rendered":"\n<div class=\"wp-block-group alignfull royal-group has-navtext-color has-secondary-background-color has-text-color has-background has-link-color wp-elements-f39551a95ad7cb670d9bff531a33f104 has-global-padding is-layout-constrained wp-block-group-is-layout-constrained\" style=\"padding-top:var(--wp--preset--spacing--80);padding-bottom:var(--wp--preset--spacing--60)\">\n<h2 class=\"wp-block-heading has-h-1-font-size\">Sus abogados<\/h2>\n\n\n\n<p>Somos un equipo comprometido y cohesionado que le acompa\u00f1a de igual a igual, con apertura, claridad y fiabilidad.<\/p>\n\n\n\n<p>Le asesoramos en espa\u00f1ol, alem\u00e1n, ingl\u00e9s y franc\u00e9s.<\/p>\n<\/div>\n\n<div class=\"wp-block-group has-global-padding is-layout-constrained wp-block-group-is-layout-constrained\" style=\"margin-bottom:var(--wp--preset--spacing--70)\">\n<div class=\"wp-block-columns is-layout-flex wp-container-core-columns-is-layout-28f84493 wp-block-columns-is-layout-flex\">\n<div class=\"wp-block-column is-layout-flow wp-block-column-is-layout-flow\">\n<h2 class=\"wp-block-heading has-h-2-font-size\">Stefan Lenz<\/h2>\n\n\n\n<p>Abogado, LL.M.<\/p>\n\n\n\n<figure class=\"wp-block-image size-medium\"><img decoding=\"async\" src=\"https:\/\/len.law\/wp-content\/uploads\/2025\/11\/7G2A8937-stefan-lenz-small-300x300.jpg\" alt=\"\" class=\"wp-image-54\" \/><\/figure>\n\n\n\n<p class=\"link-caret-right\"><a href=\"https:\/\/len.law\/es\/sus-abogados\/stefan-lenz\/\" data-type=\"page\" data-id=\"60\"><strong>M\u00c1S<\/strong><\/a><\/p>\n<\/div>\n\n\n\n<div class=\"wp-block-column is-layout-flow wp-block-column-is-layout-flow\">\n<h2 class=\"wp-block-heading has-h-2-font-size\">Stefan Mbiyavanga<\/h2>\n\n\n\n<p>Abogado, Dr. iur<\/p>\n\n\n\n<figure class=\"wp-block-image size-medium\"><img decoding=\"async\" src=\"https:\/\/len.law\/wp-content\/uploads\/2025\/11\/7G2A8865-stefan-mbiyavanga-small-300x300.jpg\" alt=\"\" class=\"wp-image-55\" \/><\/figure>\n\n\n\n<p class=\"link-caret-right\"><strong><a href=\"https:\/\/len.law\/es\/sus-abogados\/stefan-mbiyavanga\/\" data-type=\"page\" data-id=\"64\">M\u00c1S<\/a><\/strong><\/p>\n<\/div>\n<\/div>\n<\/div>\n\n<div style=\"height:100px\" aria-hidden=\"true\" class=\"wp-block-spacer\"><\/div>\n\n<div class=\"wp-block-group has-global-padding is-layout-constrained wp-block-group-is-layout-constrained\">\n<div class=\"wp-block-columns are-vertically-aligned-top is-layout-flex wp-container-core-columns-is-layout-28f84493 wp-block-columns-is-layout-flex\">\n<div class=\"wp-block-column is-vertically-aligned-top is-layout-flow wp-block-column-is-layout-flow\">\n<h2 class=\"wp-block-heading contact-title\" style=\"margin-top:var(--wp--preset--spacing--30);margin-bottom:var(--wp--preset--spacing--30);font-style:normal;font-weight:200;text-transform:uppercase\">Contacto<\/h2>\n<\/div>\n\n\n\n<div class=\"wp-block-column is-vertically-aligned-top is-layout-flow wp-block-column-is-layout-flow\" style=\"padding-right:var(--wp--preset--spacing--20);padding-left:var(--wp--preset--spacing--20)\">\n<p class=\"iconized contact-address\" style=\"margin-top:var(--wp--preset--spacing--30);margin-bottom:var(--wp--preset--spacing--30)\">Apartado de correos 324<br\/>CH-3000 Berna 13<\/p>\n<\/div>\n\n\n\n<div class=\"wp-block-column is-vertically-aligned-top is-layout-flow wp-block-column-is-layout-flow\" style=\"padding-right:var(--wp--preset--spacing--20);padding-left:var(--wp--preset--spacing--20)\">\n<p class=\"iconized contact-email\" style=\"margin-top:var(--wp--preset--spacing--30);margin-bottom:var(--wp--preset--spacing--30)\"><a href=\"mailto:info@len.law\">info@len.law<\/a><br\/><\/p>\n<\/div>\n<\/div>\n<\/div>\n","protected":false},"excerpt":{"rendered":"<p>Sus abogados Somos un equipo comprometido y cohesionado que le acompa\u00f1a de igual a igual, con apertura, claridad y fiabilidad. Le asesoramos en espa\u00f1ol, alem\u00e1n, ingl\u00e9s y franc\u00e9s. Stefan Lenz Abogado, LL.M. M\u00c1S Stefan Mbiyavanga Abogado, Dr. iur M\u00c1S<\/p>\n","protected":false},"author":1,"featured_media":0,"parent":0,"menu_order":2,"comment_status":"closed","ping_status":"closed","template":"","meta":{"footnotes":""},"class_list":["post-353","page","type-page","status-publish","hentry"],"_links":{"self":[{"href":"https:\/\/len.law\/es\/wp-json\/wp\/v2\/pages\/353","targetHints":{"allow":["GET"]}}],"collection":[{"href":"https:\/\/len.law\/es\/wp-json\/wp\/v2\/pages"}],"about":[{"href":"https:\/\/len.law\/es\/wp-json\/wp\/v2\/types\/page"}],"author":[{"embeddable":true,"href":"https:\/\/len.law\/es\/wp-json\/wp\/v2\/users\/1"}],"replies":[{"embeddable":true,"href":"https:\/\/len.law\/es\/wp-json\/wp\/v2\/comments?post=353"}],"version-history":[{"count":4,"href":"https:\/\/len.law\/es\/wp-json\/wp\/v2\/pages\/353\/revisions"}],"predecessor-version":[{"id":369,"href":"https:\/\/len.law\/es\/wp-json\/wp\/v2\/pages\/353\/revisions\/369"}],"wp:attachment":[{"href":"https:\/\/len.law\/es\/wp-json\/wp\/v2\/media?parent=353"}],"curies":[{"name":"wp","href":"https:\/\/api.w.org\/{rel}","templated":true}]}}