{"id":349,"date":"2025-11-09T21:47:30","date_gmt":"2025-11-09T21:47:30","guid":{"rendered":"https:\/\/len.law\/lenlaw-ayuda\/"},"modified":"2025-12-20T21:37:20","modified_gmt":"2025-12-20T21:37:20","slug":"lenlaw-ayuda","status":"publish","type":"page","link":"https:\/\/len.law\/es\/lenlaw-ayuda\/","title":{"rendered":"LENLAW ayuda"},"content":{"rendered":"\n<div class=\"wp-block-group alignfull royal-group has-navtext-color has-secondary-background-color has-text-color has-background has-link-color wp-elements-04cff7d22c6aa7620d85319abc592e32 has-global-padding is-layout-constrained wp-block-group-is-layout-constrained\" style=\"margin-top:0;margin-bottom:0;padding-top:var(--wp--preset--spacing--80);padding-bottom:var(--wp--preset--spacing--60)\">\n<h2 class=\"wp-block-heading has-h-1-font-size\"><span class=\"lenlaw\">LENLAW <\/span>le ayuda<\/h2>\n\n\n\n<p>LENLAW combina precisi\u00f3n jur\u00eddica con trabajo investigativo pr\u00e1ctico. Apoyamos a empresas, estados y particulares que necesitan asistencia legal en relaci\u00f3n con casos de delitos econ\u00f3micos. <\/p>\n<\/div>\n\n<div class=\"wp-block-group alignfull has-gray-background-color has-background has-global-padding is-layout-constrained wp-container-core-group-is-layout-be04af43 wp-block-group-is-layout-constrained\" style=\"margin-top:0;margin-bottom:0\">\n<figure class=\"wp-block-image size-large\" style=\"margin-top:0;margin-bottom:0\"><img decoding=\"async\" src=\"https:\/\/len.law\/wp-content\/uploads\/2025\/11\/7G2A8961-retusche-beide-hemden-small-1024x683.jpg\" alt=\"\" class=\"wp-image-41\"\/><\/figure>\n<\/div>\n\n<div class=\"wp-block-group has-global-padding is-layout-constrained wp-block-group-is-layout-constrained\">\n<p>Lo que nos distingue:<\/p>\n\n\n\n<ul style=\"margin-top:var(--wp--preset--spacing--20)\" class=\"wp-block-list lined\">\n<li>Especializaci\u00f3n: Nos dedicamos exclusivamente al derecho penal econ\u00f3mico y a la asistencia jur\u00eddica mutua internacional en materia penal.<\/li>\n\n\n\n<li>Competencia: Debidoa nuestra experiencia en la persecuci\u00f3n penal y en la justicia penal, sabemos qu\u00e9 es determinante para la gesti\u00f3n eficaz de un caso.<\/li>\n\n\n\n<li>Red de contactos: Contamos con un amplio acceso a expertos en an\u00e1lisis forense, contabilidad, finanzas y al sector jur\u00eddico a nivel global.. <\/li>\n\n\n\n<li>Enfoque resolutivo: Disponemos de experiencia en la resoluci\u00f3n consensuada de procedimientos, cuando la ley lo permite y el caso lo aconseja.<\/li>\n\n\n\n<li>Multiling\u00fcismo: Atendemos a nuestros clientes con fluidez en espa\u00f1ol, alem\u00e1n, ingl\u00e9s y franc\u00e9s.<\/li>\n\n\n\n<li>Transparencia: Ofrecemos condiciones de trabajo claras, justas y plenamente transparentes.<\/li>\n<\/ul>\n<\/div>\n\n<div class=\"wp-block-group alignfull has-light-background-color has-background has-global-padding is-layout-constrained wp-block-group-is-layout-constrained\" style=\"padding-top:var(--wp--preset--spacing--50);padding-bottom:var(--wp--preset--spacing--50)\">\n<h2 class=\"wp-block-heading has-h-2-font-size\" id=\"corporate\"><strong>Para Empresas<\/strong><\/h2>\n\n\n\n<p>Brindamos apoyo integral en investigaciones internas y le asesoramos en todas las fases del proceso penal econ\u00f3mico. Representamos sus intereses ante contrapartes, autoridades y tribunales, siempre con un enfoque estrat\u00e9gico y orientado a resultados. <\/p>\n\n\n\n<p>Si su empresa ha sido perjudicada por un delito, investigamos los hechos, realizamos entrevistas y an\u00e1lisis de flujos financieros y elaboramos informes de investigaci\u00f3n s\u00f3lidos, capaces de resistir el escrutinio de las autoridades y los tribunales. Cuando es necesario, incorporamos especialistas en finanzas, an\u00e1lisis forense y comunicaci\u00f3n para garantizar un abordaje completo. <\/p>\n\n\n\n<p>Si se inicia una investigaci\u00f3n penal contra su empresa, le asistimos en la preparaci\u00f3n de la defensa y en la b\u00fasqueda de una resoluci\u00f3n r\u00e1pida, eficiente y adecuada a sus intereses.<\/p>\n<\/div>\n\n<div class=\"wp-block-group has-global-padding is-layout-constrained wp-block-group-is-layout-constrained\">\n<h2 class=\"wp-block-heading\" id=\"states\"><strong>Para Estados<\/strong><\/h2>\n\n\n\n<p>Prestamos asistencia a los Estados en la identificaci\u00f3n, esclarecimiento y persecuci\u00f3n de delitos econ\u00f3micos de car\u00e1cter complejo, abarcando desde la determinaci\u00f3n de los presuntos responsables y de los activos involucrados hasta la restituci\u00f3n de fondos il\u00edcitamente sustra\u00eddos. Nuestras prestaciones comprenden asesoramiento estrat\u00e9gico, apoyo en actividades de investigaci\u00f3n y la recopilaci\u00f3n y evaluaci\u00f3n de elementos probatorios. <\/p>\n\n\n\n<p>En calidad de representantes procesales, elaboramos y presentamos denuncias penales, formulamos pedidos de indemnizaci\u00f3n y representamos sus intereses a lo largo de todas las fases del procedimiento penal en Suiza. Actuamos con pleno conocimiento de los marcos pol\u00edticos y culturales pertinentes, y estamos en capacidad de salvaguardar de manera eficaz los intereses estatales incluso frente a contrapartes con recursos considerablemente superiores. <\/p>\n\n\n\n<p><a href=\"https:\/\/len.law\/es\/2025\/12\/01\/recuperacion-de-activos-en-suiza-posibilidades-de-los-estados-perjudicados\/\" data-type=\"post\" data-id=\"398\">Para informaci\u00f3n detallada sobre los derechos y las posibilidades de actuaci\u00f3n conforme al derecho suizo, le remitimos a la hoja informativa correspondiente. <\/a><\/p>\n<\/div>\n\n<div class=\"wp-block-group alignfull has-light-background-color has-background has-global-padding is-layout-constrained wp-block-group-is-layout-constrained\" style=\"margin-bottom:var(--wp--preset--spacing--60);padding-top:var(--wp--preset--spacing--50);padding-bottom:var(--wp--preset--spacing--50)\">\n<h2 class=\"wp-block-heading\" id=\"private\"><strong>Para Particulares<\/strong><\/h2>\n\n\n\n<p>Enfrentarse a un procedimiento penal o de asistencia jur\u00eddica internacional puede resultar angustiante, ya sea como acusado, v\u00edctima o parte afectada. Estamos a su lado para orientarle en cada etapa, ofreci\u00e9ndole asesoramiento jur\u00eddico y representaci\u00f3n adaptados a su realidad personal y a sus necesidades espec\u00edficas. <\/p>\n\n\n\n<p>Abordamos cada caso con diligencia, discreci\u00f3n y un profundo sentido de responsabilidad. Analizamos los hechos con rigor, evaluamos las pruebas y desarrollamos junto a usted una estrategia clara que le permita comprender el proceso, tomar decisiones informadas y defender sus derechos con seguridad. <a><\/a><\/p>\n<\/div>\n\n<figure class=\"wp-block-image size-large\"><img loading=\"lazy\" decoding=\"async\" width=\"1024\" height=\"683\" src=\"https:\/\/len.law\/wp-content\/uploads\/2025\/12\/20-IMG_0830-1024x683.jpg\" alt=\"\" class=\"wp-image-385\" srcset=\"https:\/\/len.law\/wp-content\/uploads\/2025\/12\/20-IMG_0830-1024x683.jpg 1024w, https:\/\/len.law\/wp-content\/uploads\/2025\/12\/20-IMG_0830-300x200.jpg 300w, https:\/\/len.law\/wp-content\/uploads\/2025\/12\/20-IMG_0830-768x512.jpg 768w, https:\/\/len.law\/wp-content\/uploads\/2025\/12\/20-IMG_0830-1536x1024.jpg 1536w, https:\/\/len.law\/wp-content\/uploads\/2025\/12\/20-IMG_0830.jpg 2048w\" sizes=\"auto, (max-width: 1024px) 100vw, 1024px\" \/><\/figure>\n\n<div class=\"wp-block-group has-global-padding is-layout-constrained wp-block-group-is-layout-constrained\">\n<div class=\"wp-block-columns are-vertically-aligned-top is-layout-flex wp-container-core-columns-is-layout-28f84493 wp-block-columns-is-layout-flex\">\n<div class=\"wp-block-column is-vertically-aligned-top is-layout-flow wp-block-column-is-layout-flow\">\n<h2 class=\"wp-block-heading contact-title\" style=\"margin-top:var(--wp--preset--spacing--30);margin-bottom:var(--wp--preset--spacing--30);font-style:normal;font-weight:200;text-transform:uppercase\">Contacto<\/h2>\n<\/div>\n\n\n\n<div class=\"wp-block-column is-vertically-aligned-top is-layout-flow wp-block-column-is-layout-flow\" style=\"padding-right:var(--wp--preset--spacing--20);padding-left:var(--wp--preset--spacing--20)\">\n<p class=\"iconized contact-address\" style=\"margin-top:var(--wp--preset--spacing--30);margin-bottom:var(--wp--preset--spacing--30)\">Apartado de correos 324<br\/>CH-3000 Berna 13<\/p>\n<\/div>\n\n\n\n<div class=\"wp-block-column is-vertically-aligned-top is-layout-flow wp-block-column-is-layout-flow\" style=\"padding-right:var(--wp--preset--spacing--20);padding-left:var(--wp--preset--spacing--20)\">\n<p class=\"iconized contact-email\" style=\"margin-top:var(--wp--preset--spacing--30);margin-bottom:var(--wp--preset--spacing--30)\"><a href=\"mailto:info@len.law\">info@len.law<\/a><br\/><\/p>\n<\/div>\n<\/div>\n<\/div>\n","protected":false},"excerpt":{"rendered":"<p>LENLAW le ayuda LENLAW combina precisi\u00f3n jur\u00eddica con trabajo investigativo pr\u00e1ctico. Apoyamos a empresas, estados y particulares que necesitan asistencia legal en relaci\u00f3n con casos de delitos econ\u00f3micos. Lo que nos distingue: Para Empresas Brindamos apoyo integral en investigaciones internas y le asesoramos en todas las fases del proceso penal econ\u00f3mico. Representamos sus intereses ante [&hellip;]<\/p>\n","protected":false},"author":1,"featured_media":0,"parent":0,"menu_order":1,"comment_status":"closed","ping_status":"closed","template":"","meta":{"footnotes":""},"class_list":["post-349","page","type-page","status-publish","hentry"],"_links":{"self":[{"href":"https:\/\/len.law\/es\/wp-json\/wp\/v2\/pages\/349","targetHints":{"allow":["GET"]}}],"collection":[{"href":"https:\/\/len.law\/es\/wp-json\/wp\/v2\/pages"}],"about":[{"href":"https:\/\/len.law\/es\/wp-json\/wp\/v2\/types\/page"}],"author":[{"embeddable":true,"href":"https:\/\/len.law\/es\/wp-json\/wp\/v2\/users\/1"}],"replies":[{"embeddable":true,"href":"https:\/\/len.law\/es\/wp-json\/wp\/v2\/comments?post=349"}],"version-history":[{"count":9,"href":"https:\/\/len.law\/es\/wp-json\/wp\/v2\/pages\/349\/revisions"}],"predecessor-version":[{"id":475,"href":"https:\/\/len.law\/es\/wp-json\/wp\/v2\/pages\/349\/revisions\/475"}],"wp:attachment":[{"href":"https:\/\/len.law\/es\/wp-json\/wp\/v2\/media?parent=349"}],"curies":[{"name":"wp","href":"https:\/\/api.w.org\/{rel}","templated":true}]}}