{"id":343,"date":"2025-10-22T22:06:43","date_gmt":"2025-10-22T22:06:43","guid":{"rendered":"https:\/\/len.law\/home\/"},"modified":"2025-12-23T21:00:58","modified_gmt":"2025-12-23T21:00:58","slug":"home","status":"publish","type":"page","link":"https:\/\/len.law\/es\/","title":{"rendered":"Home"},"content":{"rendered":"\n<div class=\"wp-block-group alignfull royal-group has-navtext-color has-secondary-background-color has-text-color has-background has-link-color wp-elements-251660d5d9812435f235da4cf7538c1a has-global-padding is-layout-constrained wp-block-group-is-layout-constrained\" style=\"margin-top:0;margin-bottom:0;padding-top:var(--wp--preset--spacing--80);padding-bottom:var(--wp--preset--spacing--60)\">\n<h1 class=\"wp-block-heading\">Derecho y Justicia.<br\/>Para Empresas.<br\/>Para Estados.<br\/>Para Particulares.<\/h1>\n\n\n\n<p>LENLAW asesora en casos complejos de delitos econ\u00f3micos \u2013 desde corrupci\u00f3n y lavado de activos hasta fraude.<\/p>\n\n\n\n<div class=\"wp-block-buttons is-layout-flex wp-block-buttons-is-layout-flex\">\n<div class=\"wp-block-button\"><a class=\"wp-block-button__link wp-element-button\" href=\"https:\/\/len.law\/es\/contacto\/\">Contacto<\/a><\/div>\n<\/div>\n<\/div>\n\n<div class=\"wp-block-group alignfull has-gray-background-color has-background has-global-padding is-layout-constrained wp-block-group-is-layout-constrained\" style=\"margin-top:0;margin-bottom:0;padding-top:var(--wp--preset--spacing--60);padding-bottom:var(--wp--preset--spacing--60)\">\n<p class=\"has-h-2-home-font-size\"><span class=\"lenlaw\">LENLAW <\/span>investiga, asesora y representa a empresas, estados y particulares en asuntos penales econ\u00f3micos y administrativos \u2013 en Suiza y m\u00e1s all\u00e1.<\/p>\n\n\n\n<div class=\"wp-block-columns is-layout-flex wp-container-core-columns-is-layout-28f84493 wp-block-columns-is-layout-flex\">\n<div class=\"wp-block-column has-background-background-color has-background is-layout-flow wp-block-column-is-layout-flow\" style=\"padding-top:var(--wp--preset--spacing--40);padding-right:var(--wp--preset--spacing--40);padding-bottom:var(--wp--preset--spacing--40);padding-left:var(--wp--preset--spacing--40)\">\n<div class=\"wp-block-group full-height is-vertical is-content-justification-stretch is-layout-flex wp-container-core-group-is-layout-353c4f5a wp-block-group-is-layout-flex\">\n<h2 class=\"wp-block-heading has-text-align-center home-box-title has-h-2-home-font-size\">PARA EMPRESAS<\/h2>\n\n\n\n<p class=\"wp-container-content-9cfa9a5a\">Ayudamos a empresas a navegar investigaciones y procedimientos de asistencia jur\u00eddica mutua con una visi\u00f3n clara de los riesgos y perspectiva estrat\u00e9gica.<\/p>\n\n\n\n<p class=\"has-text-align-center home-more-link link-caret-right\"><a href=\"https:\/\/len.law\/es\/lenlaw-ayuda\/#corporate\" data-type=\"page\" data-id=\"40\"><strong>M\u00c1S<\/strong><\/a><\/p>\n<\/div>\n<\/div>\n\n\n\n<div class=\"wp-block-column has-background-background-color has-background is-layout-flow wp-block-column-is-layout-flow\" style=\"padding-top:var(--wp--preset--spacing--40);padding-right:var(--wp--preset--spacing--40);padding-bottom:var(--wp--preset--spacing--40);padding-left:var(--wp--preset--spacing--40)\">\n<div class=\"wp-block-group full-height is-vertical is-content-justification-stretch is-layout-flex wp-container-core-group-is-layout-353c4f5a wp-block-group-is-layout-flex\">\n<h2 class=\"wp-block-heading home-box-title has-h-2-home-font-size\">PARA ESTADOS<\/h2>\n\n\n\n<p class=\"wp-container-content-9cfa9a5a\">Asesoramos a Estados e instituciones estatales en investigaciones internacionales y en el \u00e1rea de recuperaci\u00f3n de activos. Combinamos experiencia en procedimientos penales complejos con una comprensi\u00f3n profunda de los procesos de cooperaci\u00f3n internacional en materia penal.<\/p>\n\n\n\n<p class=\"has-text-align-center home-more-link link-caret-right\"><a href=\"https:\/\/len.law\/es\/lenlaw-ayuda\/#states\" data-type=\"page\" data-id=\"40\"><strong>M\u00c1S<\/strong><\/a><\/p>\n<\/div>\n<\/div>\n\n\n\n<div class=\"wp-block-column has-background-background-color has-background is-layout-flow wp-block-column-is-layout-flow\" style=\"padding-top:var(--wp--preset--spacing--40);padding-right:var(--wp--preset--spacing--40);padding-bottom:var(--wp--preset--spacing--40);padding-left:var(--wp--preset--spacing--40)\">\n<div class=\"wp-block-group full-height is-vertical is-content-justification-stretch is-layout-flex wp-container-core-group-is-layout-353c4f5a wp-block-group-is-layout-flex\">\n<h2 class=\"wp-block-heading home-box-title has-h-2-home-font-size\">PARA PARTICULARES<\/h2>\n\n\n\n<p class=\"wp-container-content-9cfa9a5a\">Acompa\u00f1amos y defendemos a personas tanto en derecho penal econ\u00f3mico como en derecho penal general y administrativo, ya sea como v\u00edctimas o acusados.<\/p>\n\n\n\n<p class=\"home-more-link link-caret-right\"><a href=\"https:\/\/len.law\/es\/lenlaw-ayuda\/#private\" data-type=\"page\" data-id=\"40\"><strong>M\u00c1S<\/strong><\/a><\/p>\n<\/div>\n<\/div>\n<\/div>\n<\/div>\n\n<div class=\"wp-block-group alignfull has-navtext-color has-text-color has-background has-link-color wp-elements-cddb0d4f10fcd08ab11d2ce505d4b7b0 has-global-padding is-layout-constrained wp-block-group-is-layout-constrained\" style=\"background:linear-gradient(135deg,rgb(156,156,156) 0%,rgb(66,66,66) 100%);margin-top:0;margin-bottom:0;padding-top:var(--wp--preset--spacing--60);padding-bottom:var(--wp--preset--spacing--60)\">\n<p class=\"has-h-2-font-size\" style=\"text-transform:uppercase\">Sus abogados<\/p>\n\n\n\n<div class=\"wp-block-columns is-layout-flex wp-container-core-columns-is-layout-28f84493 wp-block-columns-is-layout-flex\">\n<div class=\"wp-block-column is-layout-flow wp-block-column-is-layout-flow\">\n<figure class=\"wp-block-image size-large\"><a href=\"https:\/\/len.law\/es\/sus-abogados\/stefan-lenz\/\"><img loading=\"lazy\" decoding=\"async\" width=\"1024\" height=\"1024\" src=\"https:\/\/len.law\/wp-content\/uploads\/2025\/12\/7G2A8937-stefan-lenz-small-1024x1024.jpg\" alt=\"Stefan Lenz\" class=\"wp-image-181\" srcset=\"https:\/\/len.law\/wp-content\/uploads\/2025\/12\/7G2A8937-stefan-lenz-small-1024x1024.jpg 1024w, https:\/\/len.law\/wp-content\/uploads\/2025\/12\/7G2A8937-stefan-lenz-small-300x300.jpg 300w, https:\/\/len.law\/wp-content\/uploads\/2025\/12\/7G2A8937-stefan-lenz-small-150x150.jpg 150w, https:\/\/len.law\/wp-content\/uploads\/2025\/12\/7G2A8937-stefan-lenz-small-768x768.jpg 768w, https:\/\/len.law\/wp-content\/uploads\/2025\/12\/7G2A8937-stefan-lenz-small-1536x1536.jpg 1536w, https:\/\/len.law\/wp-content\/uploads\/2025\/12\/7G2A8937-stefan-lenz-small.jpg 1920w\" sizes=\"auto, (max-width: 1024px) 100vw, 1024px\" \/><\/a><\/figure>\n\n\n\n<p class=\"has-h-3-font-size\" style=\"margin-top:0;margin-bottom:0;padding-top:var(--wp--preset--spacing--30);padding-bottom:var(--wp--preset--spacing--30)\"><a href=\"https:\/\/len.law\/es\/sus-abogados\/stefan-lenz\/\" data-type=\"page\" data-id=\"60\"><strong>Stefan Lenz<\/strong> \u2013 Abogado, LL.M.<\/a><\/p>\n<\/div>\n\n\n\n<div class=\"wp-block-column is-layout-flow wp-block-column-is-layout-flow\">\n<figure class=\"wp-block-image size-large\"><a href=\"https:\/\/len.law\/es\/sus-abogados\/stefan-mbiyavanga\/\"><img loading=\"lazy\" decoding=\"async\" width=\"1024\" height=\"1024\" src=\"https:\/\/len.law\/wp-content\/uploads\/2025\/12\/7G2A8865-stefan-mbiyavanga-small-1024x1024.jpg\" alt=\"Stefan Mbiyavanga\" class=\"wp-image-180\" srcset=\"https:\/\/len.law\/wp-content\/uploads\/2025\/12\/7G2A8865-stefan-mbiyavanga-small-1024x1024.jpg 1024w, https:\/\/len.law\/wp-content\/uploads\/2025\/12\/7G2A8865-stefan-mbiyavanga-small-300x300.jpg 300w, https:\/\/len.law\/wp-content\/uploads\/2025\/12\/7G2A8865-stefan-mbiyavanga-small-150x150.jpg 150w, https:\/\/len.law\/wp-content\/uploads\/2025\/12\/7G2A8865-stefan-mbiyavanga-small-768x768.jpg 768w, https:\/\/len.law\/wp-content\/uploads\/2025\/12\/7G2A8865-stefan-mbiyavanga-small-1536x1536.jpg 1536w, https:\/\/len.law\/wp-content\/uploads\/2025\/12\/7G2A8865-stefan-mbiyavanga-small.jpg 1920w\" sizes=\"auto, (max-width: 1024px) 100vw, 1024px\" \/><\/a><\/figure>\n\n\n\n<p class=\"has-h-3-font-size\" style=\"margin-top:0;margin-bottom:0;padding-top:var(--wp--preset--spacing--30);padding-bottom:var(--wp--preset--spacing--30)\"><a href=\"https:\/\/len.law\/es\/sus-abogados\/stefan-mbiyavanga\/\" data-type=\"page\" data-id=\"64\"><strong>Stefan Mbiyavanga<\/strong> \u2013 Abogado, Dr. iur.<\/a><\/p>\n<\/div>\n<\/div>\n<\/div>\n\n<div class=\"wp-block-group has-global-padding is-layout-constrained wp-block-group-is-layout-constrained\">\n<div class=\"wp-block-columns are-vertically-aligned-top is-layout-flex wp-container-core-columns-is-layout-28f84493 wp-block-columns-is-layout-flex\">\n<div class=\"wp-block-column is-vertically-aligned-top is-layout-flow wp-block-column-is-layout-flow\">\n<h2 class=\"wp-block-heading contact-title\" style=\"margin-top:var(--wp--preset--spacing--30);margin-bottom:var(--wp--preset--spacing--30);font-style:normal;font-weight:200;text-transform:uppercase\">Contacto<\/h2>\n<\/div>\n\n\n\n<div class=\"wp-block-column is-vertically-aligned-top is-layout-flow wp-block-column-is-layout-flow\" style=\"padding-right:var(--wp--preset--spacing--20);padding-left:var(--wp--preset--spacing--20)\">\n<p class=\"iconized contact-address\" style=\"margin-top:var(--wp--preset--spacing--30);margin-bottom:var(--wp--preset--spacing--30)\">Apartado de correos 324<br\/>CH-3000 Berna 13<\/p>\n<\/div>\n\n\n\n<div class=\"wp-block-column is-vertically-aligned-top is-layout-flow wp-block-column-is-layout-flow\" style=\"padding-right:var(--wp--preset--spacing--20);padding-left:var(--wp--preset--spacing--20)\">\n<p class=\"iconized contact-email\" style=\"margin-top:var(--wp--preset--spacing--30);margin-bottom:var(--wp--preset--spacing--30)\"><a href=\"mailto:info@len.law\">info@len.law<\/a><br\/><\/p>\n<\/div>\n<\/div>\n<\/div>\n","protected":false},"excerpt":{"rendered":"<p>Derecho y Justicia.Para Empresas.Para Estados.Para Particulares. LENLAW asesora en casos complejos de delitos econ\u00f3micos \u2013 desde corrupci\u00f3n y lavado de activos hasta fraude. LENLAW investiga, asesora y representa a empresas, estados y particulares en asuntos penales econ\u00f3micos y administrativos \u2013 en Suiza y m\u00e1s all\u00e1. PARA EMPRESAS Ayudamos a empresas a navegar investigaciones y procedimientos [&hellip;]<\/p>\n","protected":false},"author":1,"featured_media":0,"parent":0,"menu_order":0,"comment_status":"closed","ping_status":"closed","template":"","meta":{"footnotes":""},"class_list":["post-343","page","type-page","status-publish","hentry"],"_links":{"self":[{"href":"https:\/\/len.law\/es\/wp-json\/wp\/v2\/pages\/343","targetHints":{"allow":["GET"]}}],"collection":[{"href":"https:\/\/len.law\/es\/wp-json\/wp\/v2\/pages"}],"about":[{"href":"https:\/\/len.law\/es\/wp-json\/wp\/v2\/types\/page"}],"author":[{"embeddable":true,"href":"https:\/\/len.law\/es\/wp-json\/wp\/v2\/users\/1"}],"replies":[{"embeddable":true,"href":"https:\/\/len.law\/es\/wp-json\/wp\/v2\/comments?post=343"}],"version-history":[{"count":8,"href":"https:\/\/len.law\/es\/wp-json\/wp\/v2\/pages\/343\/revisions"}],"predecessor-version":[{"id":520,"href":"https:\/\/len.law\/es\/wp-json\/wp\/v2\/pages\/343\/revisions\/520"}],"wp:attachment":[{"href":"https:\/\/len.law\/es\/wp-json\/wp\/v2\/media?parent=343"}],"curies":[{"name":"wp","href":"https:\/\/api.w.org\/{rel}","templated":true}]}}